{"id":631,"date":"2011-10-13T20:01:55","date_gmt":"2011-10-13T20:01:55","guid":{"rendered":"http:\/\/kreativ.fimotic.com\/?page_id=631"},"modified":"2011-12-13T15:46:59","modified_gmt":"2011-12-13T15:46:59","slug":"blume-1","status":"publish","type":"page","link":"https:\/\/kreativ.fimotic.com\/?page_id=631","title":{"rendered":"Blume #1"},"content":{"rendered":"<p>Bl\u00fcmchen modellieren ist eigentlich ganz einfach &#8211; man braucht nur das richtige Werkzeug \ud83d\ude09<br \/>\nUnd weil wir ja mit Fimo arbeiten machen wir es einfach selbst!<br \/>\n<a title=\"Fimotic.com Fimoanleitung Modellierwerkzeug selber machen aus Fimoresten\" href=\"https:\/\/kreativ.fimotic.com\/?page_id=242\" target=\"_blank\"><img decoding=\"async\" src=\"..\/wp-content\/uploads\/2011\/07\/icon_link.gif\" alt=\"https:\/\/kreativ.fimotic.com\/wp-content\/uploads\/2011\/07\/icon_link.gif\" \/><\/a> zur Anleitung <a title=\"Fimotic.com Fimoanleitung Modellierwerkzeug selber machen aus Fimoresten\" href=\"https:\/\/kreativ.fimotic.com\/?page_id=242\" target=\"_blank\">Modellierwerkzeug selber modellieren<\/a> \ud83d\ude09<\/p>\n<p>F\u00fcrs Bl\u00fcmchen braucht&#8217;s eine ganz bestimmte Kugel: sie sollte zweifarbig sein.<br \/>\nAlso ein Kugelchen mit Farbe A machen (ich nehme Hellblau) und dieses Kugelchen mit einer Schicht von Farbe B umh\u00fcllen (ich nehme Dunkelblau) und zum Kugelchen formen:<\/p>\n<p><img decoding=\"async\" src=\"..\/wp-content\/uploads\/2011\/modellieren\/blume1\/fimoblume-modellieren_1.jpg\" alt=\"Fimotic.com Fimoanleitung Vintage-Bl\u00fcmchen modellieren\" \/><\/p>\n<p>Mit einem etwas spitz zulaufenden <a title=\"Fimotic.com Fimoanleitung Modellierwerkzeug selber machen aus Fimoresten\" href=\"https:\/\/kreativ.fimotic.com\/?page_id=242\" target=\"_blank\">Modellierwerkzeug<\/a> in Form bringen, etwa so wie auf dem Foto:<\/p>\n<p><img decoding=\"async\" src=\"..\/wp-content\/uploads\/2011\/modellieren\/blume1\/fimoblume-modellieren_2.jpg\" alt=\"Fimotic.com Fimoanleitung Vintage-Bl\u00fcmchen modellieren\" \/><\/p>\n<p>So eine Art Spitzh\u00fctchen formen:<\/p>\n<p><img decoding=\"async\" src=\"..\/wp-content\/uploads\/2011\/modellieren\/blume1\/fimoblume-modellieren_3.jpg\" alt=\"Fimotic.com Fimoanleitung Vintage-Bl\u00fcmchen modellieren\" \/><\/p>\n<p>Ganz brutal mit einer Schere einschneiden!<br \/>\nIch mache vier Einschnitte = f\u00fcnf Bl\u00fctenbl\u00e4tter.<\/p>\n<p><img decoding=\"async\" src=\"..\/wp-content\/uploads\/2011\/modellieren\/blume1\/fimoblume-modellieren_4.jpg\" alt=\"Fimotic.com Fimoanleitung Vintage-Bl\u00fcmchen modellieren\" \/><\/p>\n<p>Ein kugeligeres Modellierwerkzeug zur Hand nehmen und dieses ein wenig in Puder stupsen damit nichts kleben bleibt..<br \/>\nMit dem Modellierwerkzeug Blatt f\u00fcr Blatt etwas flach machen.<br \/>\nDie Bl\u00fctenbl\u00e4tter werden sehrwahrscheinlich am Backpapier kleben bleiben &#8211; macht nichts. Mit einer Klinge drunterfahren und abl\u00f6sen.<br \/>\nDem Fimo passiert nichts wenn man nicht zu zaghaft ist.<br \/>\nDiesen Schritt im Zweifel einfach ein paar mal \u00fcben mit nicht-gepudertem Fimo (Fimo nur pudern wenn es auch Sinn macht, die Reste pappen wir ja eh immer wieder zusammen).<\/p>\n<p><img decoding=\"async\" src=\"..\/wp-content\/uploads\/2011\/modellieren\/blume1\/fimoblume-modellieren_5.jpg\" alt=\"Fimotic.com Fimoanleitung Vintage-Bl\u00fcmchen modellieren\" \/><\/p>\n<p>Das Ding sieht schon langsam wie ein Bl\u00fcmchen aus:<\/p>\n<p><img decoding=\"async\" src=\"..\/wp-content\/uploads\/2011\/modellieren\/blume1\/fimoblume-modellieren_6.jpg\" alt=\"Fimotic.com Fimoanleitung Vintage-Bl\u00fcmchen modellieren\" \/><\/p>\n<p>Nun bepinsle ich das St\u00fcckchen Backpapier mit etwas Puder.<br \/>\nDas Bl\u00fcmchen darf drauf kleben &#8211; aber einfach im Mass.<br \/>\nDas Bl\u00fcmchen lege ich wie auf dem Foto gezeigt auf das Backpapierchen:<\/p>\n<p><img decoding=\"async\" src=\"..\/wp-content\/uploads\/2011\/modellieren\/blume1\/fimoblume-modellieren_7.jpg\" alt=\"Fimotic.com Fimoanleitung Vintage-Bl\u00fcmchen modellieren\" \/><\/p>\n<p>Jetzt werden die Bl\u00e4tter modelliert.<br \/>\nGanz simpel und einfach mit einem Modellierwerkzeug pl\u00e4tten, es darf ruhig ein par Risse und sehr gern auch Dellen geben.<br \/>\nNicht vergessen das Modellierwerkzeug immer wieder im Puder zu drehen. Das erleichtert die Arbeit mit den inzwischen immer d\u00fcnneren Bl\u00fctenbl\u00e4ttern enorm!<\/p>\n<p><img decoding=\"async\" src=\"..\/wp-content\/uploads\/2011\/modellieren\/blume1\/fimoblume-modellieren_8.jpg\" alt=\"Fimotic.com Fimoanleitung Vintage-Bl\u00fcmchen modellieren\" \/><\/p>\n<p>Durch das bearbeiten mit dem Modellierwerkzeug kommt die zweite Farbe der Fimokugel zum Vorschein:<\/p>\n<p><img decoding=\"async\" src=\"..\/wp-content\/uploads\/2011\/modellieren\/blume1\/fimoblume-modellieren_9.jpg\" alt=\"Fimotic.com Fimoanleitung Vintage-Bl\u00fcmchen modellieren\" \/><\/p>\n<p>Der Bl\u00fctenkelch ist fertig, fehlt noch das Innenleben der Blume das auch gleich zum Bl\u00fctenstengel wird \ud83d\ude09<br \/>\nDrei d\u00fcnne Dr\u00e4hte miteinander verdrehen, das vorderste St\u00fcck offen lassen.<\/p>\n<p><img decoding=\"async\" src=\"..\/wp-content\/uploads\/2011\/modellieren\/blume1\/fimoblume-modellieren_10.jpg\" alt=\"Fimotic.com Fimoanleitung Vintage-Bl\u00fcmchen modellieren\" \/><\/p>\n<p>Kleine Bl\u00fctenstempel modellieren&#8230;<\/p>\n<p><img decoding=\"async\" src=\"..\/wp-content\/uploads\/2011\/modellieren\/blume1\/fimoblume-modellieren_11.jpg\" alt=\"Fimotic.com Fimoanleitung Vintage-Bl\u00fcmchen modellieren\" \/><\/p>\n<p>&#8230;die Drahtenden nach Belieben k\u00fcrzen und&#8230;<\/p>\n<p><img decoding=\"async\" src=\"..\/wp-content\/uploads\/2011\/modellieren\/blume1\/fimoblume-modellieren_12.jpg\" alt=\"Fimotic.com Fimoanleitung Vintage-Bl\u00fcmchen modellieren\" \/><\/p>\n<p>&#8230;die spitz zulaufenden Fimokl\u00fcmpchen draufstecken.<br \/>\nSollten sie w\u00e4hrend oder nach dem backen wegkullern einfach mit einem Tr\u00f6pfchen Leim fixieren.<br \/>\nIch steche das L\u00f6chlein vor mit einer Metallnadel.<br \/>\nDas Drahtst\u00fcck in den Bl\u00fctenkelch stecken, die R\u00fcckseite vom Bl\u00fcmchen vorsichtig an den Draht modellieren und ab in den Backofen damit!<br \/>\nIch hab das Ende vom Draht zu einer simplen \u00d6se gedreht so dass ich die Bl\u00fcmchen h\u00e4ngend backen konnte, so verdellt nichts.<\/p>\n<p><img decoding=\"async\" src=\"..\/wp-content\/uploads\/2011\/modellieren\/blume1\/fimoblume-modellieren_13.jpg\" alt=\"Fimotic.com Fimoanleitung Vintage-Bl\u00fcmchen modellieren\" \/><\/p>\n<p>Frisch aus dem Backofen eine handvoll Fimobl\u00fcten:<\/p>\n<p><img decoding=\"async\" src=\"..\/wp-content\/uploads\/2011\/modellieren\/blume1\/fimoblume-modellieren_14.jpg\" alt=\"Fimotic.com Fimoanleitung Vintage-Bl\u00fcmchen modellieren\" \/><\/p>\n<p>Nun gibt&#8217;s noch eine kleine Variation:<br \/>\nBenutzt man als Puder zart duftenden K\u00f6rperpuder kann man ihn nat\u00fcrlich an den Bl\u00fcten dranlassen.<br \/>\nGibt einen Shabby Look und riecht auch noch fein \ud83d\ude00<br \/>\nM\u00f6chte man das nicht ist der erste Schritt zur Puderentfernung der Sprung ins Kukident-Zahnprothesen-Reinigungs-Sprudeltabletten-Glas:<\/p>\n<p><img decoding=\"async\" src=\"..\/wp-content\/uploads\/2011\/modellieren\/blume1\/fimoblume-modellieren_15.jpg\" alt=\"Fimotic.com Fimoanleitung Vintage-Bl\u00fcmchen modellieren\" \/><\/p>\n<p>Einfach ein paar Minuten drin lassen.<br \/>\nGanz so einfach wird es nicht den Puder loszuwerden, schliesslich wurde er geradezu einmassiert. Aber keine Bange, man kriegt ihn gut weg &#8211; gewusst wie \ud83d\ude09<\/p>\n<p><img decoding=\"async\" src=\"..\/wp-content\/uploads\/2011\/modellieren\/blume1\/fimoblume-modellieren_16.jpg\" alt=\"Fimotic.com Fimoanleitung Vintage-Bl\u00fcmchen modellieren\" \/><\/p>\n<p>Nach dem rausfischen und trocknen lassen sind noch einige Puderspuren zu sehen:<\/p>\n<p><img decoding=\"async\" src=\"..\/wp-content\/uploads\/2011\/modellieren\/blume1\/fimoblume-modellieren_17.jpg\" alt=\"Fimotic.com Fimoanleitung Vintage-Bl\u00fcmchen modellieren\" \/><\/p>\n<p>Damit der Unterschied gut zu sehen ist nehme ich eines mit ein bissel mehr R\u00fcckst\u00e4nden dran. Jeh nach dem wie doll man die Bl\u00fctenbl\u00e4tter bearbeitet und den Puder einarbeitet bleibt halt auch mehr \u00fcbrig nach dem Bad.<br \/>\nDiese Bl\u00fcten sind genau nach dem gleichen system gemacht, allein das Bl\u00fcteninnere variiert etwas &#8211; dies ist ein kegelf\u00f6rmiges St\u00fcckchen Fimo in die Mitte reingedr\u00fcckt und mit einer Nadel bearbeitet; die Unebenheiten sind einfach kleine Piekser \ud83d\ude09<br \/>\nAuch gut zu sehen wie gross der Unterschied ist zwischen vier und f\u00fcnf Bl\u00fctenbl\u00e4ttern, diese Blume wirkt grad viel klobiger:<\/p>\n<p><img decoding=\"async\" src=\"..\/wp-content\/uploads\/2011\/modellieren\/blume1\/fimoblume-modellieren_20.jpg\" alt=\"Fimotic.com Fimoanleitung Vintage-Bl\u00fcmchen modellieren\" \/><\/p>\n<p>Wer den Puder also loswerden will nehme ein Q-Tip, auch bekannt als Ohrenwattest\u00e4bchen und \u00d6l.<\/p>\n<p><img decoding=\"async\" src=\"..\/wp-content\/uploads\/2011\/modellieren\/blume1\/fimoblume-modellieren_21.jpg\" alt=\"Fimotic.com Fimoanleitung Vintage-Bl\u00fcmchen modellieren\" \/><\/p>\n<p>\u00d6L ans Q-Tip und ganz vorsichtig und zart \u00fcber die Bl\u00fctenbl\u00e4tter streicheln.<br \/>\nVorsicht! Das Fimo ist hauchd\u00fcnn und dementsprechend sensibel \ud83d\ude09<\/p>\n<p><img decoding=\"async\" src=\"..\/wp-content\/uploads\/2011\/modellieren\/blume1\/fimoblume-modellieren_22.jpg\" alt=\"Fimotic.com Fimoanleitung Vintage-Bl\u00fcmchen modellieren\" \/><\/p>\n<p>Das war&#8217;s mit Puder:<\/p>\n<p><img decoding=\"async\" src=\"..\/wp-content\/uploads\/2011\/modellieren\/blume1\/fimoblume-modellieren_23.jpg\" alt=\"Fimotic.com Fimoanleitung Vintage-Bl\u00fcmchen modellieren\" \/><\/p>\n<p>Druck aus\u00fcben ist kaum n\u00f6tig, geht wirklich gut zum ent-pudern \ud83d\ude00<\/p>\n<p><img decoding=\"async\" src=\"..\/wp-content\/uploads\/2011\/modellieren\/blume1\/fimoblume-modellieren_24.jpg\" alt=\"Fimotic.com Fimoanleitung Vintage-Bl\u00fcmchen modellieren\" \/><\/p>\n<p>Etwas kompliziertere, sprich zerknautschtere Bl\u00fctenbl\u00e4tter reinigen wir genau gleich. Allerdings hilft es enorm wenn das Q-Tip schon etwas mehr ausgefranselt ist.<\/p>\n<p><img decoding=\"async\" src=\"..\/wp-content\/uploads\/2011\/modellieren\/blume1\/fimoblume-modellieren_25.jpg\" alt=\"Fimotic.com Fimoanleitung Vintage-Bl\u00fcmchen modellieren\" \/><\/p>\n<p>St\u00f6rt der Glanz vom \u00d6L einfach nochmal baden, anstatt Kukident Zahnprothesenreiniger einfach Sp\u00fclmittel, Duschzeug oder Shampoo nehmen.<br \/>\nBitte keine scharfen Reinigungsmittel, wir wollen dem Fimo ja nicht schaden.<\/p>\n<p><img decoding=\"async\" src=\"..\/wp-content\/uploads\/2011\/modellieren\/blume1\/fimoblume-modellieren_26.jpg\" alt=\"Fimotic.com Fimoanleitung Vintage-Bl\u00fcmchen modellieren\" \/><\/p>\n<p>Sollte die Bl\u00fcte dann lackiert werden bitte richtig <em>riiiiiichtig<\/em> gut trocknen lassen nach dem Bad \ud83d\ude09<\/p>\n<p><img decoding=\"async\" src=\"..\/wp-content\/uploads\/2011\/modellieren\/blume1\/fimoblume-modellieren_27.jpg\" alt=\"Fimotic.com Fimoanleitung Vintage-Bl\u00fcmchen modellieren\" \/><\/p>\n<p>Die zweifarbigen Bl\u00e4tter sehen entz\u00fcckend aus, auch (oder gerade) wenn der Farbunterschied nur ganz minim ist:<\/p>\n<p>&nbsp;<\/p>\n<p><img decoding=\"async\" src=\"..\/wp-content\/uploads\/2011\/modellieren\/blume1\/fimoblume-modellieren_18.jpg\" alt=\"Fimotic.com Fimoanleitung Vintage-Bl\u00fcmchen modellieren\" \/><\/p>\n<p>Parat zur Weiterverarbeitung:<\/p>\n<p><img decoding=\"async\" src=\"..\/wp-content\/uploads\/2011\/modellieren\/blume1\/fimoblume-modellieren_19.jpg\" alt=\"Fimotic.com Fimoanleitung Vintage-Bl\u00fcmchen modellieren\" \/><\/p>\n<p>Ob als Dekoration auf einem sch\u00f6nen Geschenk, als Haar- oder Ohrschmuck oder f\u00fcr Kartendekorationen, die Blumen verbreiten immer gute Laune \ud83d\ude00<\/p>\n<p>A propos gute Laune:<br \/>\nWenn man meint Katzen beim Sonnenbad st\u00f6ren bezw. aus dem Tiefschlaf holen zu m\u00fcssen sehen sie zuweilen etwas&#8230;. \u00e4\u00e4\u00e4h&#8230;. bel\u00e4mmert aus, hihi.<\/p>\n<p><img decoding=\"async\" src=\"..\/wp-content\/uploads\/2011\/modellieren\/blume1\/russischblauessonnenbadekatzenkind.jpg\" alt=\"https:\/\/kreativ.fimotic.com\/wp-content\/uploads\/2011\/modellieren\/blume1\/russischblauessonnenbadekatzenkind.jpg\" \/><\/p>\n<p>Keine Angst, Bou geht&#8217;s gut, sie hat auch nichts mit dem Auge und nein, kiffen tut sie weder heimlich noch unheimlich.<br \/>\nSie hat einfach nur zwei Sekunden vorher tief geschlafen.<br \/>\nB\u00f6ses ich.<\/p>\n<p>Viel Spass beim Bl\u00fcmelein modellieren \ud83d\ude00<br \/>\nWenn Ihr Euch fragt warum meine Bl\u00fcmchen <em>blau<\/em> sind&#8230; es lagen blaue Reste auf dem Tisch.<br \/>\nWie \u00fcblich \ud83d\ude09<br \/>\nLiebe Gr\u00fcsse,<br \/>\nEure Tumana<\/p>\n","protected":false},"excerpt":{"rendered":"<p>Bl\u00fcmchen modellieren ist eigentlich ganz einfach &#8211; man braucht nur das richtige Werkzeug \ud83d\ude09 Und weil wir ja mit Fimo arbeiten machen wir es einfach selbst! zur Anleitung Modellierwerkzeug selber modellieren \ud83d\ude09 F\u00fcrs Bl\u00fcmchen braucht&#8217;s eine ganz bestimmte Kugel: sie &hellip; <a href=\"https:\/\/kreativ.fimotic.com\/?page_id=631\">Weiterlesen <span class=\"meta-nav\">&rarr;<\/span><\/a><\/p>\n","protected":false},"author":2,"featured_media":0,"parent":993,"menu_order":0,"comment_status":"open","ping_status":"closed","template":"","meta":{"footnotes":""},"class_list":["post-631","page","type-page","status-publish","hentry"],"_links":{"self":[{"href":"https:\/\/kreativ.fimotic.com\/index.php?rest_route=\/wp\/v2\/pages\/631","targetHints":{"allow":["GET"]}}],"collection":[{"href":"https:\/\/kreativ.fimotic.com\/index.php?rest_route=\/wp\/v2\/pages"}],"about":[{"href":"https:\/\/kreativ.fimotic.com\/index.php?rest_route=\/wp\/v2\/types\/page"}],"author":[{"embeddable":true,"href":"https:\/\/kreativ.fimotic.com\/index.php?rest_route=\/wp\/v2\/users\/2"}],"replies":[{"embeddable":true,"href":"https:\/\/kreativ.fimotic.com\/index.php?rest_route=%2Fwp%2Fv2%2Fcomments&post=631"}],"version-history":[{"count":12,"href":"https:\/\/kreativ.fimotic.com\/index.php?rest_route=\/wp\/v2\/pages\/631\/revisions"}],"predecessor-version":[{"id":1000,"href":"https:\/\/kreativ.fimotic.com\/index.php?rest_route=\/wp\/v2\/pages\/631\/revisions\/1000"}],"up":[{"embeddable":true,"href":"https:\/\/kreativ.fimotic.com\/index.php?rest_route=\/wp\/v2\/pages\/993"}],"wp:attachment":[{"href":"https:\/\/kreativ.fimotic.com\/index.php?rest_route=%2Fwp%2Fv2%2Fmedia&parent=631"}],"curies":[{"name":"wp","href":"https:\/\/api.w.org\/{rel}","templated":true}]}}