{"id":5793,"date":"2016-11-10T16:23:45","date_gmt":"2016-11-10T16:23:45","guid":{"rendered":"http:\/\/kreativ.fimotic.com\/?page_id=5793"},"modified":"2016-11-10T16:23:50","modified_gmt":"2016-11-10T16:23:50","slug":"inversivperlen","status":"publish","type":"page","link":"https:\/\/kreativ.fimotic.com\/?page_id=5793","title":{"rendered":"Inversivperlen"},"content":{"rendered":"<p>Haaaach ja, mit Stempelkissen spielen steht auf der selben Stufe wie mit Fimo spielen.<br \/>\nDie beiden kombinieren ist schon fast zu viel des Guten *kicher*<\/p>\n<p><script async src=\"\/\/pagead2.googlesyndication.com\/pagead\/js\/adsbygoogle.js\"><\/script><br \/>\n<!-- Seite Banner Text u Bild --><br \/>\n<ins class=\"adsbygoogle\" style=\"display: inline-block; width: 468px; height: 60px;\" data-ad-client=\"ca-pub-2458973701178268\" data-ad-slot=\"2140623015\"><\/ins><br \/>\n<script>\n(adsbygoogle = window.adsbygoogle || []).push({});\n<\/script><\/p>\n<p>Guck, sowas wollen wir machen:<\/p>\n<p><img decoding=\"async\" src=\"https:\/\/kreativ.fimotic.com\/wp-content\/uploads\/2016\/canes-und-muster\/inversivperlen\/fimo-inversivperlen_1.jpg\" alt=\"coole Technik f\u00fcr Fimoperlen! Anleitung von Tumana, Schritt f\u00fcr Schritt erkl\u00e4rt\" \/><\/p>\n<p>Erst brauchen wir eine Perle. Idealerweise ist sie auch schon am Spiess *kicher*<\/p>\n<p><img decoding=\"async\" src=\"https:\/\/kreativ.fimotic.com\/wp-content\/uploads\/2016\/canes-und-muster\/inversivperlen\/fimo-inversivperlen_2.jpg\" alt=\"coole Technik f\u00fcr Fimoperlen! Anleitung von Tumana, Schritt f\u00fcr Schritt erkl\u00e4rt\" \/><\/p>\n<p>Dann brauchen wir diverse Spielzeuge und ein wasserfestes Stempelkissen:<br \/>\nFimoklinge, Stricknadel, alles was man irgendwie benutzen kann, kleine Kerben und Dellen in die Fimoperle zu machen.<\/p>\n<p><img decoding=\"async\" src=\"https:\/\/kreativ.fimotic.com\/wp-content\/uploads\/2016\/canes-und-muster\/inversivperlen\/fimo-inversivperlen_3.jpg\" alt=\"coole Technik f\u00fcr Fimoperlen! Anleitung von Tumana, Schritt f\u00fcr Schritt erkl\u00e4rt\" \/><\/p>\n<p>Nun denn. Ich ziehe den Klingenr\u00fccken \u00fcbers Stempelkissen&#8230;<\/p>\n<p><img decoding=\"async\" src=\"https:\/\/kreativ.fimotic.com\/wp-content\/uploads\/2016\/canes-und-muster\/inversivperlen\/fimo-inversivperlen_4.jpg\" alt=\"coole Technik f\u00fcr Fimoperlen! Anleitung von Tumana, Schritt f\u00fcr Schritt erkl\u00e4rt\" \/><\/p>\n<p>&#8230;und mache damit kleine Einkerbungen in die Perle:<\/p>\n<p><img decoding=\"async\" src=\"https:\/\/kreativ.fimotic.com\/wp-content\/uploads\/2016\/canes-und-muster\/inversivperlen\/fimo-inversivperlen_5.jpg\" alt=\"coole Technik f\u00fcr Fimoperlen! Anleitung von Tumana, Schritt f\u00fcr Schritt erkl\u00e4rt\" \/><\/p>\n<p>Vor jeder Einkerbung ziehe ich den Messerr\u00fccken wieder \u00fcbers Stempelkissen.<\/p>\n<p><img decoding=\"async\" src=\"https:\/\/kreativ.fimotic.com\/wp-content\/uploads\/2016\/canes-und-muster\/inversivperlen\/fimo-inversivperlen_6.jpg\" alt=\"coole Technik f\u00fcr Fimoperlen! Anleitung von Tumana, Schritt f\u00fcr Schritt erkl\u00e4rt\" \/><\/p>\n<p>Kleine schwarze Dellen mache ich mit der Stricknadel. Erst aufs Stempelkissen dippen&#8230;<\/p>\n<p><img decoding=\"async\" src=\"https:\/\/kreativ.fimotic.com\/wp-content\/uploads\/2016\/canes-und-muster\/inversivperlen\/fimo-inversivperlen_7.jpg\" alt=\"coole Technik f\u00fcr Fimoperlen! Anleitung von Tumana, Schritt f\u00fcr Schritt erkl\u00e4rt\" \/><\/p>\n<p>&#8230;so dass Farbe an der Spitze ist&#8230;<\/p>\n<p><img decoding=\"async\" src=\"https:\/\/kreativ.fimotic.com\/wp-content\/uploads\/2016\/canes-und-muster\/inversivperlen\/fimo-inversivperlen_8.jpg\" alt=\"coole Technik f\u00fcr Fimoperlen! Anleitung von Tumana, Schritt f\u00fcr Schritt erkl\u00e4rt\" \/><\/p>\n<p>&#8230;und sanft in die Perle dr\u00fccken:<\/p>\n<p><img decoding=\"async\" src=\"https:\/\/kreativ.fimotic.com\/wp-content\/uploads\/2016\/canes-und-muster\/inversivperlen\/fimo-inversivperlen_9.jpg\" alt=\"coole Technik f\u00fcr Fimoperlen! Anleitung von Tumana, Schritt f\u00fcr Schritt erkl\u00e4rt\" \/><\/p>\n<p>Jup, genau so einfach ist es!<\/p>\n<p><img decoding=\"async\" src=\"https:\/\/kreativ.fimotic.com\/wp-content\/uploads\/2016\/canes-und-muster\/inversivperlen\/fimo-inversivperlen_10.jpg\" alt=\"coole Technik f\u00fcr Fimoperlen! Anleitung von Tumana, Schritt f\u00fcr Schritt erkl\u00e4rt\" \/><\/p>\n<p>Auch hier: f\u00fcr jedes L\u00f6chlein erst wieder Tinte aufnehmen.<\/p>\n<p><img decoding=\"async\" src=\"https:\/\/kreativ.fimotic.com\/wp-content\/uploads\/2016\/canes-und-muster\/inversivperlen\/fimo-inversivperlen_11.jpg\" alt=\"coole Technik f\u00fcr Fimoperlen! Anleitung von Tumana, Schritt f\u00fcr Schritt erkl\u00e4rt\" \/><\/p>\n<p>Alles was eine nicht zu dicke Kante, einen nicht zu dicken Rand hat kann als Werkzeug benutzt werden.<br \/>\nHier zum Beispiel&#8230;.<\/p>\n<p><img decoding=\"async\" src=\"https:\/\/kreativ.fimotic.com\/wp-content\/uploads\/2016\/canes-und-muster\/inversivperlen\/fimo-inversivperlen_12.jpg\" alt=\"coole Technik f\u00fcr Fimoperlen! Anleitung von Tumana, Schritt f\u00fcr Schritt erkl\u00e4rt\" \/><\/p>\n<p>&#8230;habe ich die Kreise ganz einfach&#8230;<\/p>\n<p><img decoding=\"async\" src=\"https:\/\/kreativ.fimotic.com\/wp-content\/uploads\/2016\/canes-und-muster\/inversivperlen\/fimo-inversivperlen_13.jpg\" alt=\"coole Technik f\u00fcr Fimoperlen! Anleitung von Tumana, Schritt f\u00fcr Schritt erkl\u00e4rt\" \/><\/p>\n<p>&#8230;mit einem Strohhalm gemacht<\/p>\n<p><img decoding=\"async\" src=\"https:\/\/kreativ.fimotic.com\/wp-content\/uploads\/2016\/canes-und-muster\/inversivperlen\/fimo-inversivperlen_14.jpg\" alt=\"coole Technik f\u00fcr Fimoperlen! Anleitung von Tumana, Schritt f\u00fcr Schritt erkl\u00e4rt\" \/><\/p>\n<p>Jupp das ist auch ein rpima Stempelwerkzeug \ud83d\ude42<br \/>\nAaaaaber Vorsicht! Fimo vertr\u00e4gt sich mit den wenigsten Plastikstrohhalmen!<br \/>\nArbeite schnell und lass das Fimo nicht zu lange Kontakt haben mit dem Ding.<\/p>\n<p><img decoding=\"async\" src=\"https:\/\/kreativ.fimotic.com\/wp-content\/uploads\/2016\/canes-und-muster\/inversivperlen\/fimo-inversivperlen_15.jpg\" alt=\"coole Technik f\u00fcr Fimoperlen! Anleitung von Tumana, Schritt f\u00fcr Schritt erkl\u00e4rt\" \/><\/p>\n<p>A propos Kontakt: Nichts ist so toll als Katzenunterlage wie ein Laptop.<\/p>\n<p><img decoding=\"async\" src=\"https:\/\/kreativ.fimotic.com\/wp-content\/uploads\/2016\/canes-und-muster\/inversivperlen\/senthiana.jpg\" alt=\"Mein L\u00e4ppi!\" \/><\/p>\n<p>Die Perlen werden ganz normal nach Vorschrift gebacken.<br \/>\nViel Spass beim stempeln und fim\u00f6len, machen wir die Welt einfach ein St\u00fcck bunter!<br \/>\nLiebe Gr\u00fcsse,<br \/>\nEure Tumana<\/p>\n<p><script async src=\"\/\/pagead2.googlesyndication.com\/pagead\/js\/adsbygoogle.js\"><\/script><br \/>\n<!-- Seite Rot Text --><br \/>\n<ins class=\"adsbygoogle\" style=\"display: inline-block; width: 336px; height: 280px;\" data-ad-client=\"ca-pub-2458973701178268\" data-ad-slot=\"5874934017\"><\/ins><br \/>\n<script>\n(adsbygoogle = window.adsbygoogle || []).push({});\n<\/script><\/p>\n","protected":false},"excerpt":{"rendered":"<p>Haaaach ja, mit Stempelkissen spielen steht auf der selben Stufe wie mit Fimo spielen. Die beiden kombinieren ist schon fast zu viel des Guten *kicher* Guck, sowas wollen wir machen: Erst brauchen wir eine Perle. Idealerweise ist sie auch schon &hellip; <a href=\"https:\/\/kreativ.fimotic.com\/?page_id=5793\">Weiterlesen <span class=\"meta-nav\">&rarr;<\/span><\/a><\/p>\n","protected":false},"author":2,"featured_media":0,"parent":120,"menu_order":0,"comment_status":"closed","ping_status":"closed","template":"","meta":{"footnotes":""},"class_list":["post-5793","page","type-page","status-publish","hentry"],"_links":{"self":[{"href":"https:\/\/kreativ.fimotic.com\/index.php?rest_route=\/wp\/v2\/pages\/5793","targetHints":{"allow":["GET"]}}],"collection":[{"href":"https:\/\/kreativ.fimotic.com\/index.php?rest_route=\/wp\/v2\/pages"}],"about":[{"href":"https:\/\/kreativ.fimotic.com\/index.php?rest_route=\/wp\/v2\/types\/page"}],"author":[{"embeddable":true,"href":"https:\/\/kreativ.fimotic.com\/index.php?rest_route=\/wp\/v2\/users\/2"}],"replies":[{"embeddable":true,"href":"https:\/\/kreativ.fimotic.com\/index.php?rest_route=%2Fwp%2Fv2%2Fcomments&post=5793"}],"version-history":[{"count":4,"href":"https:\/\/kreativ.fimotic.com\/index.php?rest_route=\/wp\/v2\/pages\/5793\/revisions"}],"predecessor-version":[{"id":5802,"href":"https:\/\/kreativ.fimotic.com\/index.php?rest_route=\/wp\/v2\/pages\/5793\/revisions\/5802"}],"up":[{"embeddable":true,"href":"https:\/\/kreativ.fimotic.com\/index.php?rest_route=\/wp\/v2\/pages\/120"}],"wp:attachment":[{"href":"https:\/\/kreativ.fimotic.com\/index.php?rest_route=%2Fwp%2Fv2%2Fmedia&parent=5793"}],"curies":[{"name":"wp","href":"https:\/\/api.w.org\/{rel}","templated":true}]}}