{"id":5387,"date":"2016-01-11T15:35:53","date_gmt":"2016-01-11T15:35:53","guid":{"rendered":"http:\/\/kreativ.fimotic.com\/?page_id=5387"},"modified":"2016-01-11T15:35:53","modified_gmt":"2016-01-11T15:35:53","slug":"und-metall","status":"publish","type":"page","link":"https:\/\/kreativ.fimotic.com\/?page_id=5387","title":{"rendered":"&#8230;und Metall"},"content":{"rendered":"<p><ins class=\"adsbygoogle\" style=\"display: inline-block; width: 468px; height: 60px;\" data-ad-client=\"ca-pub-2458973701178268\" data-ad-slot=\"2140623015\"><\/ins><br \/>\n<script>\/\/ < ![CDATA[\n(adsbygoogle = window.adsbygoogle || []).push({});\n\/\/ ]]><\/script><\/p>\n<p>Was gibt es sch\u00f6neres als in Kramselkisten zu w\u00fchlen?<br \/>\nIch habe so eine Krimselkiste mit Tim Holtz Scrapkram, einfach herrlich!<br \/>\nUnter anderm dieser Schl\u00fcssel:<\/p>\n<p><img decoding=\"async\" src=\"https:\/\/kreativ.fimotic.com\/wp-content\/uploads\/2016\/tools_werzeuge\/abformen-mit-bauacryl_metall\/abformen_metall_1.jpg\" alt=\"Metallteilchen abformen mit selbstger\u00fchrter Abformmasse aus Fugenacryl und Puder\" \/><\/p>\n<p>Die Abformmasse sieht jetzt schon etwas br\u00fcchig aus, wenn man sich die H\u00e4nde bissel einschmiert mit Nivea oder so dann kann man es mit kneten ein klein wenig verbessern.<\/p>\n<p><img decoding=\"async\" src=\"https:\/\/kreativ.fimotic.com\/wp-content\/uploads\/2016\/tools_werzeuge\/abformen-mit-bauacryl_metall\/abformen_metall_2.jpg\" alt=\"Metallteilchen abformen mit selbstger\u00fchrter Abformmasse aus Fugenacryl und Puder\" \/><\/p>\n<p>Bitzeli besser.<\/p>\n<p><img decoding=\"async\" src=\"https:\/\/kreativ.fimotic.com\/wp-content\/uploads\/2016\/tools_werzeuge\/abformen-mit-bauacryl_metall\/abformen_metall_3.jpg\" alt=\"Metallteilchen abformen mit selbstger\u00fchrter Abformmasse aus Fugenacryl und Puder\" \/><\/p>\n<p>Den Schl\u00fcssel dr\u00fccke ich mit dem Schriftzug nach Unten in die Acrylmasse.<br \/>\nGeduld, Geduld, das darf jetzt n\u00e4mlich trocknen. G\u00e4hn.<\/p>\n<p><img decoding=\"async\" src=\"https:\/\/kreativ.fimotic.com\/wp-content\/uploads\/2016\/tools_werzeuge\/abformen-mit-bauacryl_metall\/abformen_metall_4.jpg\" alt=\"Metallteilchen abformen mit selbstger\u00fchrter Abformmasse aus Fugenacryl und Puder\" \/><\/p>\n<p>Auch dieses Ding kommt aus der Tim Holtz W\u00fchlkiste aus meinem Schrank:<\/p>\n<p><img decoding=\"async\" src=\"https:\/\/kreativ.fimotic.com\/wp-content\/uploads\/2016\/tools_werzeuge\/abformen-mit-bauacryl_metall\/abformen_metall_5.jpg\" alt=\"Metallteilchen abformen mit selbstger\u00fchrter Abformmasse aus Fugenacryl und Puder\" \/><\/p>\n<p>So ein Kompassding. Nat\u00fcrlich konnte ich nicht warten bis es ganz trocken war *r\u00e4usper*<br \/>\nIn dem Fall hat&#8217;s nichts ausgemacht.<br \/>\nSpannend ist das Blau, das kommt vom Metallteilchen.<\/p>\n<p><img decoding=\"async\" src=\"https:\/\/kreativ.fimotic.com\/wp-content\/uploads\/2016\/tools_werzeuge\/abformen-mit-bauacryl_metall\/abformen_metall_7.jpg\" alt=\"Metallteilchen abformen mit selbstger\u00fchrter Abformmasse aus Fugenacryl und Puder\" \/><\/p>\n<p>Das Schl\u00fcsselteil ist ganz durchgetrocknet, ich konnte tats\u00e4chlich warten.<br \/>\nPasst \ud83d\ude00 Nur flexibel ist das Abformteilchen kein bisschen.<\/p>\n<p><img decoding=\"async\" src=\"https:\/\/kreativ.fimotic.com\/wp-content\/uploads\/2016\/tools_werzeuge\/abformen-mit-bauacryl_metall\/abformen_metall_8.jpg\" alt=\"Metallteilchen abformen mit selbstger\u00fchrter Abformmasse aus Fugenacryl und Puder\" \/><\/p>\n<p>Daaaaaaaaaaaaaann kommt eine ganz spezielle kleine Schachtel zum Einsatz.<br \/>\nWundersch\u00f6n, gell?<br \/>\nHabe ich von <a href=\"http:\/\/www.pywi.ch\" target=\"_blank\">Pywi <\/a>bekommen. <a href=\"http:\/\/www.pywi.ch\" target=\"_blank\">Pywi<\/a> macht nicht nur ganz wundervolle Dinge, sie hat mir&#8230;<\/p>\n<p><img decoding=\"async\" src=\"https:\/\/kreativ.fimotic.com\/wp-content\/uploads\/2016\/tools_werzeuge\/abformen-mit-bauacryl_metall\/abformen_metall_9.jpg\" alt=\"Metallteilchen abformen mit selbstger\u00fchrter Abformmasse aus Fugenacryl und Puder\" \/><\/p>\n<p>&#8230;diese zauberhafte Dose vollgepackt mit Sch\u00e4tzen!<\/p>\n<p><img decoding=\"async\" src=\"https:\/\/kreativ.fimotic.com\/wp-content\/uploads\/2016\/tools_werzeuge\/abformen-mit-bauacryl_metall\/abformen_metall_10.jpg\" alt=\"Metallteilchen abformen mit selbstger\u00fchrter Abformmasse aus Fugenacryl und Puder\" \/><\/p>\n<p>So viele Herrlichkeiten!<br \/>\nZum beispiel dieser kleine Totenkopf:<\/p>\n<p><img decoding=\"async\" src=\"https:\/\/kreativ.fimotic.com\/wp-content\/uploads\/2016\/tools_werzeuge\/abformen-mit-bauacryl_metall\/abformen_metall_11.jpg\" alt=\"Metallteilchen abformen mit selbstger\u00fchrter Abformmasse aus Fugenacryl und Puder\" \/><\/p>\n<p>Das Kreuz&#8230;<\/p>\n<p><img decoding=\"async\" src=\"https:\/\/kreativ.fimotic.com\/wp-content\/uploads\/2016\/tools_werzeuge\/abformen-mit-bauacryl_metall\/abformen_metall_12.jpg\" alt=\"Metallteilchen abformen mit selbstger\u00fchrter Abformmasse aus Fugenacryl und Puder\" \/><\/p>\n<p>&#8230;und der Tintenfisch. Der hat auch ein bitzeli abgef\u00e4rbt.<\/p>\n<p><img decoding=\"async\" src=\"https:\/\/kreativ.fimotic.com\/wp-content\/uploads\/2016\/tools_werzeuge\/abformen-mit-bauacryl_metall\/abformen_metall_13.jpg\" alt=\"Metallteilchen abformen mit selbstger\u00fchrter Abformmasse aus Fugenacryl und Puder\" \/><\/p>\n<p>Und bitzeli was abgekriegt, konnte wieder nicht warten bis die Abformmasse ganz durchgetrocknet war *seufz* Aber er hat mir gesagt, das sei schon okay so, er f\u00e4nde ein wenig Patina ganz angenehm \ud83d\ude00<\/p>\n<p><img decoding=\"async\" src=\"https:\/\/kreativ.fimotic.com\/wp-content\/uploads\/2016\/tools_werzeuge\/abformen-mit-bauacryl_metall\/abformen_metall_14.jpg\" alt=\"Metallteilchen abformen mit selbstger\u00fchrter Abformmasse aus Fugenacryl und Puder\" \/><\/p>\n<p>Abformen geht richtig gut, auch wenn&#8217;s nicht flexibel ist:<\/p>\n<p><img decoding=\"async\" src=\"https:\/\/kreativ.fimotic.com\/wp-content\/uploads\/2016\/tools_werzeuge\/abformen-mit-bauacryl_metall\/abformen_metall_15.jpg\" alt=\"Metallteilchen abformen mit selbstger\u00fchrter Abformmasse aus Fugenacryl und Puder\" \/><\/p>\n<p>A propos flexibel: Senthiana ist es auf jeden Fall \ud83d\ude00 Ein Sofa mit <del datetime=\"2016-01-11T13:57:30+00:00\">einem Vorhang<\/del> einer H\u00e4ngematte ist eist einfach toll!<\/p>\n<p><img decoding=\"async\" src=\"https:\/\/kreativ.fimotic.com\/wp-content\/uploads\/2016\/tools_werzeuge\/abformen-mit-bauacryl_metall\/katzeundsofa.jpg\" alt=\"warum jede Katze ein Sofa braucht\" \/><\/p>\n<p>Metallteilchen abformen ist also kein Problem.<br \/>\nDie Formen lassen sich auch sehr gut einsetzen, sie sind zwar nicht flexibel, eignen sich aber dennoch hervorragend f\u00fcr Fimo. Dazu kommt dass das Fugenzeugs wirklich nicht viel kostet. Stinken tut&#8217;s auch nicht &#8211; von daher: prima!<br \/>\nViel Spass beim ausprobieren,<br \/>\nliebe Gr\u00fcsse,<br \/>\nEure Tumana<\/p>\n<p><script src=\"\/\/pagead2.googlesyndication.com\/pagead\/js\/adsbygoogle.js\" async=\"\"><\/script><br \/>\n <!-- Seite Rot Text --><br \/>\n <ins class=\"adsbygoogle\" style=\"display: inline-block; width: 336px; height: 280px;\" data-ad-client=\"ca-pub-2458973701178268\" data-ad-slot=\"5874934017\"><\/ins><br \/>\n<script>\/\/ < ![CDATA[\n(adsbygoogle = window.adsbygoogle || []).push({});\n\/\/ ]]><\/script><\/p>\n","protected":false},"excerpt":{"rendered":"<p>Was gibt es sch\u00f6neres als in Kramselkisten zu w\u00fchlen? Ich habe so eine Krimselkiste mit Tim Holtz Scrapkram, einfach herrlich! Unter anderm dieser Schl\u00fcssel: Die Abformmasse sieht jetzt schon etwas br\u00fcchig aus, wenn man sich die H\u00e4nde bissel einschmiert mit &hellip; <a href=\"https:\/\/kreativ.fimotic.com\/?page_id=5387\">Weiterlesen <span class=\"meta-nav\">&rarr;<\/span><\/a><\/p>\n","protected":false},"author":2,"featured_media":0,"parent":5381,"menu_order":0,"comment_status":"closed","ping_status":"closed","template":"","meta":{"footnotes":""},"class_list":["post-5387","page","type-page","status-publish","hentry"],"_links":{"self":[{"href":"https:\/\/kreativ.fimotic.com\/index.php?rest_route=\/wp\/v2\/pages\/5387","targetHints":{"allow":["GET"]}}],"collection":[{"href":"https:\/\/kreativ.fimotic.com\/index.php?rest_route=\/wp\/v2\/pages"}],"about":[{"href":"https:\/\/kreativ.fimotic.com\/index.php?rest_route=\/wp\/v2\/types\/page"}],"author":[{"embeddable":true,"href":"https:\/\/kreativ.fimotic.com\/index.php?rest_route=\/wp\/v2\/users\/2"}],"replies":[{"embeddable":true,"href":"https:\/\/kreativ.fimotic.com\/index.php?rest_route=%2Fwp%2Fv2%2Fcomments&post=5387"}],"version-history":[{"count":2,"href":"https:\/\/kreativ.fimotic.com\/index.php?rest_route=\/wp\/v2\/pages\/5387\/revisions"}],"predecessor-version":[{"id":5425,"href":"https:\/\/kreativ.fimotic.com\/index.php?rest_route=\/wp\/v2\/pages\/5387\/revisions\/5425"}],"up":[{"embeddable":true,"href":"https:\/\/kreativ.fimotic.com\/index.php?rest_route=\/wp\/v2\/pages\/5381"}],"wp:attachment":[{"href":"https:\/\/kreativ.fimotic.com\/index.php?rest_route=%2Fwp%2Fv2%2Fmedia&parent=5387"}],"curies":[{"name":"wp","href":"https:\/\/api.w.org\/{rel}","templated":true}]}}