{"id":5381,"date":"2016-01-10T18:03:32","date_gmt":"2016-01-10T18:03:32","guid":{"rendered":"http:\/\/kreativ.fimotic.com\/?page_id=5381"},"modified":"2016-01-11T18:09:00","modified_gmt":"2016-01-11T18:09:00","slug":"mit-bau-arcyl","status":"publish","type":"page","link":"https:\/\/kreativ.fimotic.com\/?page_id=5381","title":{"rendered":"&#8230;mit Arcyl-Fugenmasse"},"content":{"rendered":"<p>Mit Fugenmasse und Puder eine Abformmasse herstellen, yeah!<br \/>\nManchmal geht&#8217;s.<br \/>\nManchmal geht&#8217;s nicht.<br \/>\nUnd manchmal geht&#8217;s ein bisschen \ud83d\ude00<br \/>\nWir schauen es uns einfach mal an.<\/p>\n<p><ins class=\"adsbygoogle\" style=\"display: inline-block; width: 468px; height: 60px;\" data-ad-client=\"ca-pub-2458973701178268\" data-ad-slot=\"2140623015\"><\/ins><br \/>\n<script>\/\/ < ![CDATA[\n\/\/ < ![CDATA[\n\/\/ < ![CDATA[\n\/\/ < ![CDATA[\n\/\/ < ![CDATA[\n\/\/ < ![CDATA[ (adsbygoogle = window.adsbygoogle || []).push({});\n\/\/ ]]><\/script><\/p>\n<p>Mein Schatz hat mir aus dem Baumarkt diese Dinger mitgebracht. Die finden sich in der Gartenabteilung, die sind dazu da, die Aussaat zu beschriften.<br \/>\nKosten wenig und sind ein ganz ganz tolles Instrument um Farben umzur\u00fchren oder eben Fugenmasse mit wasauchimmer zu mischen.<br \/>\nIch habe als Arbeitsfl\u00e4che ein K\u00fcchenbrett und das K\u00fcchenbrett habe ich in ein Plastikm\u00e4ppchen gesteckt \ud83d\ude00<br \/>\nFalls das Brett zu gross und das M\u00e4ppchen zu klein ist: Haushaltsfolie drumwickeln geht genau so gut.<\/p>\n<p><img decoding=\"async\" src=\"https:\/\/kreativ.fimotic.com\/wp-content\/uploads\/2016\/\/tools_werzeuge\/abformen-mit-bauacryl\/abformmasse-herstellen_1.jpg\" alt=\"Moldmasse selber herstellen. Manchmal geht's, manchmal geht's nicht. manchmal geht's ein bisschen\" \/><\/p>\n<p>Bitzeli Puder auf die Arbeitsfl\u00e4che, auf den Puder eine feine Wurst Fugenmasse und auf die Fugenmasse noch mal ein wenig Puder.<\/p>\n<p><img decoding=\"async\" src=\"https:\/\/kreativ.fimotic.com\/wp-content\/uploads\/2016\/\/tools_werzeuge\/abformen-mit-bauacryl\/abformmasse-herstellen_2.jpg\" alt=\"Moldmasse selber herstellen. Manchmal geht's, manchmal geht's nicht. manchmal geht's ein bisschen\" \/><\/p>\n<p>Vermischen, vermischen, vermischen und irgendwann ist es knetbar.<br \/>\nDas war K\u00f6rperpuder, das klappt also schon mal.<\/p>\n<p><img decoding=\"async\" src=\"https:\/\/kreativ.fimotic.com\/wp-content\/uploads\/2016\/\/tools_werzeuge\/abformen-mit-bauacryl\/abformmasse-herstellen_3.jpg\" alt=\"Moldmasse selber herstellen. Manchmal geht's, manchmal geht's nicht. manchmal geht's ein bisschen\" \/><\/p>\n<p>Das selbe mit Maisst\u00e4rke.<br \/>\nMaisst\u00e4rke f\u00fchlt sich einfach irgendwie schnee-ig an, es knirscht auch \u00e4hnlich wie Schnee, hihi!<\/p>\n<p><img decoding=\"async\" src=\"https:\/\/kreativ.fimotic.com\/wp-content\/uploads\/2016\/\/tools_werzeuge\/abformen-mit-bauacryl\/abformmasse-herstellen_4.jpg\" alt=\"Moldmasse selber herstellen. Manchmal geht's, manchmal geht's nicht. manchmal geht's ein bisschen\" \/><\/p>\n<p>Bitzeli gleichm\u00e4ssig verteilen&#8230;<\/p>\n<p><img decoding=\"async\" src=\"https:\/\/kreativ.fimotic.com\/wp-content\/uploads\/2016\/\/tools_werzeuge\/abformen-mit-bauacryl\/abformmasse-herstellen_5.jpg\" alt=\"Moldmasse selber herstellen. Manchmal geht's, manchmal geht's nicht. manchmal geht's ein bisschen\" \/><\/p>\n<p>&#8230;und fugenmassimieren.<\/p>\n<p><img decoding=\"async\" src=\"https:\/\/kreativ.fimotic.com\/wp-content\/uploads\/2016\/\/tools_werzeuge\/abformen-mit-bauacryl\/abformmasse-herstellen_6.jpg\" alt=\"Moldmasse selber herstellen. Manchmal geht's, manchmal geht's nicht. manchmal geht's ein bisschen\" \/><\/p>\n<p>Noch ein bitzeli Maisst\u00e4rke obenauf und auch das hier&#8230;<\/p>\n<p><img decoding=\"async\" src=\"https:\/\/kreativ.fimotic.com\/wp-content\/uploads\/2016\/\/tools_werzeuge\/abformen-mit-bauacryl\/abformmasse-herstellen_7.jpg\" alt=\"Moldmasse selber herstellen. Manchmal geht's, manchmal geht's nicht. manchmal geht's ein bisschen\" \/><\/p>\n<p>&#8230;mixen und sp\u00e4ter kneten.<br \/>\nEs bleibt erstaunlich wenig an den H\u00e4nden kleben.<\/p>\n<p><img decoding=\"async\" src=\"https:\/\/kreativ.fimotic.com\/wp-content\/uploads\/2016\/\/tools_werzeuge\/abformen-mit-bauacryl\/abformmasse-herstellen_8.jpg\" alt=\"Moldmasse selber herstellen. Manchmal geht's, manchmal geht's nicht. manchmal geht's ein bisschen\" \/><\/p>\n<p>Wie gesagt:<br \/>\nManchmal geht&#8217;s.<br \/>\nManchmal nicht.<br \/>\nDas ist definitiv ein nicht.<br \/>\nWeil die Fugenmasse die ich da verwurste nicht beweglich-bleibendes Sillikon sondern Acrylmasse ist, ist es nach dem aush\u00e4rten nat\u00fcrlich nicht weich und flexibel.<br \/>\nDas kleine Ding da h\u00e4tte ich rausmeisseln m\u00fcssen.<br \/>\nAb in den M\u00fcll mit Dir &#8211; aber immerhin wissen wir jetzt bescheid \ud83d\ude00<\/p>\n<p><img decoding=\"async\" src=\"https:\/\/kreativ.fimotic.com\/wp-content\/uploads\/2016\/\/tools_werzeuge\/abformen-mit-bauacryl\/abformmasse-herstellen_9.jpg\" alt=\"Moldmasse selber herstellen. Manchmal geht's, manchmal geht's nicht. manchmal geht's ein bisschen\" \/><\/p>\n<p>Der Rest ist recht okay.<br \/>\nDas schauen wir uns eh noch n\u00e4her an \ud83d\ude00<\/p>\n<p><img decoding=\"async\" src=\"https:\/\/kreativ.fimotic.com\/wp-content\/uploads\/2016\/\/tools_werzeuge\/abformen-mit-bauacryl\/abformmasse-herstellen_10.jpg\" alt=\"Moldmasse selber herstellen. Manchmal geht's, manchmal geht's nicht. manchmal geht's ein bisschen\" \/><\/p>\n<p><a href=\"https:\/\/kreativ.fimotic.com\/?page_id=5387\" target=\"_blank\"><img decoding=\"async\" class=\"transparent\" src=\"https:\/\/kreativ.fimotic.com\/wp-content\/uploads\/2011\/07\/icon_link.gif\" alt=\"https:\/\/kreativ.fimotic.com\/wp-content\/uploads\/2011\/07\/icon_link.gif\" \/> zur Abformerei mit Acrylfugenmasse + Metall<\/a><br \/>\n<a href=\"https:\/\/kreativ.fimotic.com\/?page_id=5383\" target=\"_blank\"><img decoding=\"async\" class=\"transparent\" src=\"https:\/\/kreativ.fimotic.com\/wp-content\/uploads\/2011\/07\/icon_link.gif\" alt=\"https:\/\/kreativ.fimotic.com\/wp-content\/uploads\/2011\/07\/icon_link.gif\" \/> zur Abformerei mit Acrylfugenmasse + einem Erlenzapfen<\/a><br \/>\n<a href=\"https:\/\/kreativ.fimotic.com\/?page_id=5385\" target=\"_blank\"><img decoding=\"async\" class=\"transparent\" src=\"https:\/\/kreativ.fimotic.com\/wp-content\/uploads\/2011\/07\/icon_link.gif\" alt=\"https:\/\/kreativ.fimotic.com\/wp-content\/uploads\/2011\/07\/icon_link.gif\" \/> zur Abformerei mit Acrylfugenmasse + Fimo<\/a><\/p>\n<p>A propos abformen: Nein kleine Bam, keine Angst. Dein nasi ist sicher \ud83d\ude00<\/p>\n<p><img decoding=\"async\" src=\"https:\/\/kreativ.fimotic.com\/wp-content\/uploads\/2016\/\/tools_werzeuge\/abformen-mit-bauacryl\/schlafender-wachhund.jpg\" alt=\"mein kleiner Wachhund. Ja ich besch\u00fctze sie gut, hihi\" \/><\/p>\n<p>Viel Spass beim lesen, gucken und mitausprobieren!<br \/>\nLiebe Gr\u00fcsse,<br \/>\nEure Tumana<\/p>\n<p><script src=\"\/\/pagead2.googlesyndication.com\/pagead\/js\/adsbygoogle.js\" async=\"\"><\/script><br \/>\n <!-- Seite Rot Text --><br \/>\n <ins class=\"adsbygoogle\" style=\"display: inline-block; width: 336px; height: 280px;\" data-ad-client=\"ca-pub-2458973701178268\" data-ad-slot=\"5874934017\"><\/ins><br \/>\n<script>\/\/ < ![CDATA[\n\/\/ < ![CDATA[\n\/\/ < ![CDATA[\n\/\/ < ![CDATA[\n\/\/ < ![CDATA[\n\/\/ < ![CDATA[ (adsbygoogle = window.adsbygoogle || []).push({});\n\/\/ ]]><\/script><\/p>\n","protected":false},"excerpt":{"rendered":"<p>Mit Fugenmasse und Puder eine Abformmasse herstellen, yeah! Manchmal geht&#8217;s. Manchmal geht&#8217;s nicht. Und manchmal geht&#8217;s ein bisschen \ud83d\ude00 Wir schauen es uns einfach mal an. Mein Schatz hat mir aus dem Baumarkt diese Dinger mitgebracht. Die finden sich in &hellip; <a href=\"https:\/\/kreativ.fimotic.com\/?page_id=5381\">Weiterlesen <span class=\"meta-nav\">&rarr;<\/span><\/a><\/p>\n","protected":false},"author":2,"featured_media":0,"parent":3454,"menu_order":0,"comment_status":"closed","ping_status":"closed","template":"","meta":{"footnotes":""},"class_list":["post-5381","page","type-page","status-publish","hentry"],"_links":{"self":[{"href":"https:\/\/kreativ.fimotic.com\/index.php?rest_route=\/wp\/v2\/pages\/5381","targetHints":{"allow":["GET"]}}],"collection":[{"href":"https:\/\/kreativ.fimotic.com\/index.php?rest_route=\/wp\/v2\/pages"}],"about":[{"href":"https:\/\/kreativ.fimotic.com\/index.php?rest_route=\/wp\/v2\/types\/page"}],"author":[{"embeddable":true,"href":"https:\/\/kreativ.fimotic.com\/index.php?rest_route=\/wp\/v2\/users\/2"}],"replies":[{"embeddable":true,"href":"https:\/\/kreativ.fimotic.com\/index.php?rest_route=%2Fwp%2Fv2%2Fcomments&post=5381"}],"version-history":[{"count":9,"href":"https:\/\/kreativ.fimotic.com\/index.php?rest_route=\/wp\/v2\/pages\/5381\/revisions"}],"predecessor-version":[{"id":5436,"href":"https:\/\/kreativ.fimotic.com\/index.php?rest_route=\/wp\/v2\/pages\/5381\/revisions\/5436"}],"up":[{"embeddable":true,"href":"https:\/\/kreativ.fimotic.com\/index.php?rest_route=\/wp\/v2\/pages\/3454"}],"wp:attachment":[{"href":"https:\/\/kreativ.fimotic.com\/index.php?rest_route=%2Fwp%2Fv2%2Fmedia&parent=5381"}],"curies":[{"name":"wp","href":"https:\/\/api.w.org\/{rel}","templated":true}]}}