{"id":4957,"date":"2014-11-22T17:08:58","date_gmt":"2014-11-22T17:08:58","guid":{"rendered":"http:\/\/kreativ.fimotic.com\/?page_id=4957"},"modified":"2014-11-22T17:11:55","modified_gmt":"2014-11-22T17:11:55","slug":"korallenanhaenger","status":"publish","type":"page","link":"https:\/\/kreativ.fimotic.com\/?page_id=4957","title":{"rendered":"Korallenanh\u00e4nger"},"content":{"rendered":"<p>Fimo Kids trifft Fimo Professional \ud83d\ude00<br \/>\nFimo Kids ist auch f\u00fcr uns grosse Kinder absolut praktisch, zum Beispiel f\u00fcr sowas wie hier.<\/p>\n<p><script src=\"\/\/pagead2.googlesyndication.com\/pagead\/js\/adsbygoogle.js\" async=\"\"><\/script><!-- Seite Banner Text u Bild --> <ins class=\"adsbygoogle\" style=\"display: inline-block; width: 468px; height: 60px;\" data-ad-client=\"ca-pub-2458973701178268\" data-ad-slot=\"2140623015\"><\/ins><script>\/\/ < ![CDATA[\n\/\/ < ![CDATA[\n\/\/ < ![CDATA[ (adsbygoogle = window.adsbygoogle || []).push({});\n\/\/ ]]><\/script><\/p>\n<p>Wenn das eine Fimo m\u00f6glichst stabil sein soll und das andere Fimo m\u00f6glichst drauf festpappen soll, ist eine Kombination von Professional (stabil) und Kids (pappt super!) einfach ideal.<br \/>\nAus einem Kugelchen pinkfarbenem Fimo Kids&#8230;<\/p>\n<p><img decoding=\"async\" class=\"decoded\" src=\"https:\/\/kreativ.fimotic.com\/wp-content\/uploads\/2014\/schmuck\/fimo-kids_korallenanhaenger\/fimo-kids-meet-professional_1.jpg\" alt=\"Fimo Kids mit Fimo Professional: Korallenschmuck Anleitung\" \/><\/p>\n<p>&#8230;wird mit einer Metallstricknadel und vielen vielen L\u00f6chern&#8230;<\/p>\n<p><img decoding=\"async\" class=\"decoded\" src=\"https:\/\/kreativ.fimotic.com\/wp-content\/uploads\/2014\/schmuck\/fimo-kids_korallenanhaenger\/fimo-kids-meet-professional_2.jpg\" alt=\"Fimo Kids mit Fimo Professional: Korallenschmuck Anleitung\" \/><\/p>\n<p>&#8230;VIELEN L\u00f6chern *lach* &#8230;<\/p>\n<p><img decoding=\"async\" class=\"decoded\" src=\"https:\/\/kreativ.fimotic.com\/wp-content\/uploads\/2014\/schmuck\/fimo-kids_korallenanhaenger\/fimo-kids-meet-professional_3.jpg\" alt=\"Fimo Kids mit Fimo Professional: Korallenschmuck Anleitung\" \/><\/p>\n<p>&#8230;eine Koralle.<br \/>\nDazu habe ich bereits eine Anleitung gemacht:<br \/>\n<a title=\"Schritt f\u00fcr Schritt Anleitung Koralle modellieren\" href=\"https:\/\/kreativ.fimotic.com\/?page_id=1639\" target=\"_blank\"><img decoding=\"async\" class=\"decoded\" src=\"https:\/\/kreativ.fimotic.com\/wp-content\/uploads\/2011\/07\/icon_link.gif\" alt=\"https:\/\/kreativ.fimotic.com\/wp-content\/uploads\/2011\/07\/icon_link.gif\" \/> zur Anleitung Koralle modellieren<\/a><\/p>\n<p><img decoding=\"async\" class=\"decoded\" src=\"https:\/\/kreativ.fimotic.com\/wp-content\/uploads\/2014\/schmuck\/fimo-kids_korallenanhaenger\/fimo-kids-meet-professional_4.jpg\" alt=\"Fimo Kids mit Fimo Professional: Korallenschmuck Anleitung\" \/><\/p>\n<p>Meine Koralle braucht nat\u00fcrlich noch etwas f\u00fcr Drunter \ud83d\ude00<br \/>\nDas wird schwarzes Fimo Professionell sein. Mit der Pastamaschine eine Platte kurbeln&#8230;<\/p>\n<p><img decoding=\"async\" class=\"decoded\" src=\"https:\/\/kreativ.fimotic.com\/wp-content\/uploads\/2014\/schmuck\/fimo-kids_korallenanhaenger\/fimo-kids-meet-professional_5.jpg\" alt=\"Fimo Kids mit Fimo Professional: Korallenschmuck Anleitung\" \/><\/p>\n<p>&#8230;die Koralle drauf platzieren&#8230;<\/p>\n<p><img decoding=\"async\" class=\"decoded\" src=\"https:\/\/kreativ.fimotic.com\/wp-content\/uploads\/2014\/schmuck\/fimo-kids_korallenanhaenger\/fimo-kids-meet-professional_6.jpg\" alt=\"Fimo Kids mit Fimo Professional: Korallenschmuck Anleitung\" \/><\/p>\n<p>&#8230;noch ein, zwei mal reinstupsen mit der Stricknadel, vorallem am Rand damit es sch\u00f6n b\u00fcndig ist und die gew\u00fcnschte Form mit der flexiblen Klinge zurechtschneiden.<\/p>\n<p><img decoding=\"async\" class=\"decoded\" src=\"https:\/\/kreativ.fimotic.com\/wp-content\/uploads\/2014\/schmuck\/fimo-kids_korallenanhaenger\/fimo-kids-meet-professional_7.jpg\" alt=\"Fimo Kids mit Fimo Professional: Korallenschmuck Anleitung\" \/><\/p>\n<p>Das reicht auch noch f\u00fcr eine Brosche \ud83d\ude00<br \/>\nNach Vorschrift backen und ausk\u00fchlen lassen.<\/p>\n<p><img decoding=\"async\" class=\"decoded\" src=\"https:\/\/kreativ.fimotic.com\/wp-content\/uploads\/2014\/schmuck\/fimo-kids_korallenanhaenger\/fimo-kids-meet-professional_8.jpg\" alt=\"Fimo Kids mit Fimo Professional: Korallenschmuck Anleitung\" \/><\/p>\n<p>Meine Schmuckschlaufe braucht noch ein L\u00f6chlein, das bohre ich mit einem Handbohrer.<\/p>\n<p><img decoding=\"async\" class=\"decoded\" src=\"https:\/\/kreativ.fimotic.com\/wp-content\/uploads\/2014\/schmuck\/fimo-kids_korallenanhaenger\/fimo-kids-meet-professional_9.jpg\" alt=\"Fimo Kids mit Fimo Professional: Korallenschmuck Anleitung\" \/><\/p>\n<p>Einen Tropfen Sekundenkleber, Schmucksteinkleber oder sonst ein passendes Klebemittel auf die Schmuckschlaufe geben und reinstopfen.<br \/>\nFertig \ud83d\ude00<\/p>\n<p><img decoding=\"async\" class=\"decoded\" src=\"https:\/\/kreativ.fimotic.com\/wp-content\/uploads\/2014\/schmuck\/fimo-kids_korallenanhaenger\/fimo-kids-meet-professional_10.jpg\" alt=\"Fimo Kids mit Fimo Professional: Korallenschmuck Anleitung\" \/><\/p>\n<p>Die Brosche bekommt noch ihre Broschennadel und darf dann an ihrem Platz bewundert werden \ud83d\ude00<\/p>\n<p><img decoding=\"async\" class=\"decoded\" src=\"https:\/\/kreativ.fimotic.com\/wp-content\/uploads\/2014\/schmuck\/fimo-kids_korallenanhaenger\/fimo-kids-meet-professional_11.jpg\" alt=\"Fimo Kids mit Fimo Professional: Korallenschmuck Anleitung\" \/><\/p>\n<p>A propos bewundert: Ich liebe meine Handvoll Katze!<\/p>\n<p><img decoding=\"async\" class=\"decoded\" src=\"https:\/\/kreativ.fimotic.com\/wp-content\/uploads\/2014\/schmuck\/fimo-kids_korallenanhaenger\/handvoll-katze.jpg\" alt=\"Schmusekatze Senthiana\" \/><\/p>\n<p>Auch wenn Fimo Kids schon bissel eigen ist *kicher* &#8211; ich m\u00f6chte ehrlich nicht mehr drauf verzichten.<br \/>\nWie ist&#8217;s bei Dir? Magst Du es?<br \/>\nFalls Du Fimo Kids noch nicht kennst, w\u00fcnsche ich Dir viel Spass beim ausprobieren und spielen damit \ud83d\ude00<br \/>\nLiebe Gr\u00fcsse,<br \/>\nEure Tumana<\/p>\n<p><script src=\"\/\/pagead2.googlesyndication.com\/pagead\/js\/adsbygoogle.js\" async=\"\"><\/script><!-- Seite Rot Text --> <ins class=\"adsbygoogle\" style=\"display: inline-block; width: 336px; height: 280px;\" data-ad-client=\"ca-pub-2458973701178268\" data-ad-slot=\"5874934017\"><\/ins><script>\/\/ < ![CDATA[\n\/\/ < ![CDATA[\n\/\/ < ![CDATA[ (adsbygoogle = window.adsbygoogle || []).push({});\n\/\/ ]]><\/script><\/p>\n","protected":false},"excerpt":{"rendered":"<p>Fimo Kids trifft Fimo Professional \ud83d\ude00 Fimo Kids ist auch f\u00fcr uns grosse Kinder absolut praktisch, zum Beispiel f\u00fcr sowas wie hier. Wenn das eine Fimo m\u00f6glichst stabil sein soll und das andere Fimo m\u00f6glichst drauf festpappen soll, ist eine &hellip; <a href=\"https:\/\/kreativ.fimotic.com\/?page_id=4957\">Weiterlesen <span class=\"meta-nav\">&rarr;<\/span><\/a><\/p>\n","protected":false},"author":2,"featured_media":0,"parent":125,"menu_order":0,"comment_status":"open","ping_status":"closed","template":"","meta":{"footnotes":""},"class_list":["post-4957","page","type-page","status-publish","hentry"],"_links":{"self":[{"href":"https:\/\/kreativ.fimotic.com\/index.php?rest_route=\/wp\/v2\/pages\/4957","targetHints":{"allow":["GET"]}}],"collection":[{"href":"https:\/\/kreativ.fimotic.com\/index.php?rest_route=\/wp\/v2\/pages"}],"about":[{"href":"https:\/\/kreativ.fimotic.com\/index.php?rest_route=\/wp\/v2\/types\/page"}],"author":[{"embeddable":true,"href":"https:\/\/kreativ.fimotic.com\/index.php?rest_route=\/wp\/v2\/users\/2"}],"replies":[{"embeddable":true,"href":"https:\/\/kreativ.fimotic.com\/index.php?rest_route=%2Fwp%2Fv2%2Fcomments&post=4957"}],"version-history":[{"count":5,"href":"https:\/\/kreativ.fimotic.com\/index.php?rest_route=\/wp\/v2\/pages\/4957\/revisions"}],"predecessor-version":[{"id":4962,"href":"https:\/\/kreativ.fimotic.com\/index.php?rest_route=\/wp\/v2\/pages\/4957\/revisions\/4962"}],"up":[{"embeddable":true,"href":"https:\/\/kreativ.fimotic.com\/index.php?rest_route=\/wp\/v2\/pages\/125"}],"wp:attachment":[{"href":"https:\/\/kreativ.fimotic.com\/index.php?rest_route=%2Fwp%2Fv2%2Fmedia&parent=4957"}],"curies":[{"name":"wp","href":"https:\/\/api.w.org\/{rel}","templated":true}]}}