{"id":3703,"date":"2013-03-30T20:27:38","date_gmt":"2013-03-30T20:27:38","guid":{"rendered":"http:\/\/kreativ.fimotic.com\/?page_id=3703"},"modified":"2013-03-30T20:35:14","modified_gmt":"2013-03-30T20:35:14","slug":"extruder","status":"publish","type":"page","link":"https:\/\/kreativ.fimotic.com\/?page_id=3703","title":{"rendered":"Extruder"},"content":{"rendered":"<p>Claygun, Extruder&#8230; wie was wo?<br \/>\nIch m\u00f6chte Euch hier gern den Makins Clay Extruder zeigen.<br \/>\nGekauft hab ich ihn beim <a title=\"Bastelmaterial - einfach aaaaaaaaaaaaaaaalles was das Herz begehrt :)\" href=\"http:\/\/www.shop.bastelprofi.ch\/\" target=\"_blank\">Bastelprofi<\/a> &#8211; macht Spass dort zu shoppen \ud83d\ude00<br \/>\nGeliefert wird das gr\u00fcne Teil mit ein bissel Zubeh\u00f6r.<br \/>\nSchrauben wir das Ding mal zusammen auseinander? Naaaa?<\/p>\n<p><script type=\"text\/javascript\">\/\/ < ![CDATA[\n\/\/ < ![CDATA[\n\/\/ < ![CDATA[\n\/\/ < ![CDATA[\n\/\/ < ![CDATA[\ngoogle_ad_client = \"ca-pub-2458973701178268\"; \/* Seite Banner Text u Bild *\/ google_ad_slot = \"2140623015\"; google_ad_width = 468; google_ad_height = 60;\n\/\/ ]]><\/script><br \/>\n<script type=\"text\/javascript\" src=\"http:\/\/pagead2.googlesyndication.com\/pagead\/show_ads.js\">\/\/ < ![CDATA[\n\/\/ < ![CDATA[\n\/\/ < ![CDATA[\n\/\/ < ![CDATA[\n\/\/ < ![CDATA[\n\n\/\/ ]]><\/script><\/p>\n<p>Jaaaa, auseinandernehmen!<\/p>\n<p><img decoding=\"async\" alt=\"Was ist ein Extruder und wie benutzt man ihn? Fimotic.com verr\u00e4t es Dir\" src=\"https:\/\/kreativ.fimotic.com\/wp-content\/uploads\/2013\/werkzeug\/extruder\/extruder_1.jpg\" \/><\/p>\n<p>Idiotensicher das Teil!<br \/>\nWie ich drauf komme?<br \/>\nIch kann&#8217;s auch wieder zusammenbauen.<br \/>\nICH! kann&#8217;s wieder zusammenbauen \ud83d\ude09<br \/>\nViele viele Wecker (und ein Automotor und &#8211; ach das willst gar nicht wissen)\u00a0 hatten nicht so ein Gl\u00fcck *kicher*<\/p>\n<p><img decoding=\"async\" alt=\"Was ist ein Extruder und wie benutzt man ihn? Fimotic.com verr\u00e4t es Dir\" src=\"https:\/\/kreativ.fimotic.com\/wp-content\/uploads\/2013\/werkzeug\/extruder\/extruder_2.jpg\" \/><\/p>\n<p>So, von Anfang an.<br \/>\nDer Extruder hat was von einem Korkenzieher, das Querst\u00e4bchen Oben l\u00e4sst sich hin- und herschieben.<br \/>\nEs gibt ein paar Motivscheibchen dazu (die man auch noch separat dazukaufen kann falls die Grundausr\u00fcstung &#8211; falsch. <em>Sobald<\/em> die Grundausstattung nicht mehr gen\u00fcgt, hihi) und einen Reserve-Gummiring.<\/p>\n<p><img decoding=\"async\" alt=\"Was ist ein Extruder und wie benutzt man ihn? Fimotic.com verr\u00e4t es Dir\" src=\"https:\/\/kreativ.fimotic.com\/wp-content\/uploads\/2013\/werkzeug\/extruder\/extruder_3.jpg\" \/><\/p>\n<p>Voil\u00e0, Reserve-Gummiring.<br \/>\nDas Teilchen hift echt gut das Teil sauber zu halten, an den Innenw\u00e4nden klebt n\u00e4mlich kaum Fimo nach der Benutzung.<\/p>\n<p><img decoding=\"async\" alt=\"Was ist ein Extruder und wie benutzt man ihn? Fimotic.com verr\u00e4t es Dir\" src=\"https:\/\/kreativ.fimotic.com\/wp-content\/uploads\/2013\/werkzeug\/extruder\/extruder_4.jpg\" \/><\/p>\n<p>Das mitgelieferte Grundsortiment an Motivscheibchen.<br \/>\nNein ich zeige Dir sicher nicht alle &#8211; wo ist denn da die \u00dcberraschung?!? \ud83d\ude09<\/p>\n<p><img decoding=\"async\" alt=\"Was ist ein Extruder und wie benutzt man ihn? Fimotic.com verr\u00e4t es Dir\" src=\"https:\/\/kreativ.fimotic.com\/wp-content\/uploads\/2013\/werkzeug\/extruder\/extruder_5.jpg\" \/><\/p>\n<p>Vorne (=hier auf dem Foto Links) ist der Ring, dorthinein legt man die Motivscheibe.<br \/>\nAlso einfach abschrauben und die Scheibe reinlegen.<br \/>\nIn der Mitte die R\u00f6hre. Ein simples Alur\u00f6hrchen das auch ganz sch\u00f6n in die Handfl\u00e4chen beissen kann *autschi*<br \/>\nEin Schwamm (ohne rauhe Fl\u00e4che!) leistet da wirklich gute Dienste \ud83d\ude00<br \/>\nUnd Unten und rechts das &#8222;T&#8220;-St\u00fcck, das kann im Ganzen auch einfach abgeschraubt werden.<br \/>\nSchraubverschluss aufdrehen und das Teil rausziehen &#8211; zum saubermachen zum Beispiel.<br \/>\nDas Fimo &#8211; und das ist wohl irgendwie wichtig weil das ist speziell erw\u00e4hnt in der Verpackzng drin &#8211; bitte von Unten reinstopfen, nicht von Oben!<br \/>\nVon Oben immer nur das &#8222;T&#8220;-St\u00fcck reinstecken.<\/p>\n<p><img decoding=\"async\" alt=\"Was ist ein Extruder und wie benutzt man ihn? Fimotic.com verr\u00e4t es Dir\" src=\"https:\/\/kreativ.fimotic.com\/wp-content\/uploads\/2013\/werkzeug\/extruder\/extruder_6.jpg\" \/><\/p>\n<p>Den Ring also abschrauben&#8230;<\/p>\n<p><img decoding=\"async\" alt=\"Was ist ein Extruder und wie benutzt man ihn? Fimotic.com verr\u00e4t es Dir\" src=\"https:\/\/kreativ.fimotic.com\/wp-content\/uploads\/2013\/werkzeug\/extruder\/extruder_7.jpg\" \/><\/p>\n<p>&#8230;das Scheibchen einlegen, die Fimowurst reinstopfen (jawoll! von Unten rein!), zuschrauben und mit Hilfe des &#8222;T&#8220;s die Wurst rausquetschen.<br \/>\nWie bei einem Korkenzieher oder Schraubendreher: drehen.<br \/>\nDrehen und so rausquetschen.<br \/>\nDrehen.<br \/>\nDrehen, drehen, drehen!<br \/>\nDreeeeeeeeeeehen \ud83d\ude00<\/p>\n<p><img decoding=\"async\" alt=\"Was ist ein Extruder und wie benutzt man ihn? Fimotic.com verr\u00e4t es Dir\" src=\"https:\/\/kreativ.fimotic.com\/wp-content\/uploads\/2013\/werkzeug\/extruder\/extruder_8.jpg\" \/><\/p>\n<p>Das ist \u00fcbriggeblieben.<br \/>\nGar nicht so fies verschmutzt wie ich erwartet hab \ud83d\ude09<\/p>\n<p><img decoding=\"async\" alt=\"Was ist ein Extruder und wie benutzt man ihn? Fimotic.com verr\u00e4t es Dir\" src=\"https:\/\/kreativ.fimotic.com\/wp-content\/uploads\/2013\/werkzeug\/extruder\/extruder_9.jpg\" \/><\/p>\n<p>Das Gewinde im Ring will ich keinesfalls verletzen!<br \/>\nDrum nehme ich ein H\u00f6lzchen daf\u00fcr, keine Metallstricknadel oder sowas in der Art.<br \/>\nDann puhle ich das Fimo raus:<\/p>\n<p><img decoding=\"async\" alt=\"Was ist ein Extruder und wie benutzt man ihn? Fimotic.com verr\u00e4t es Dir\" src=\"https:\/\/kreativ.fimotic.com\/wp-content\/uploads\/2013\/werkzeug\/extruder\/extruder_10.jpg\" \/><\/p>\n<p>Siehste, H\u00f6lzchen \ud83d\ude00<br \/>\nVorsichtig, das Gewinde wollen wir uns gaaaaaaaaaaaaaaaaanz lange erhalten.<\/p>\n<p><img decoding=\"async\" alt=\"Was ist ein Extruder und wie benutzt man ihn? Fimotic.com verr\u00e4t es Dir\" src=\"https:\/\/kreativ.fimotic.com\/wp-content\/uploads\/2013\/werkzeug\/extruder\/extruder_11.jpg\" \/><\/p>\n<p>A poros Vorsicht:<br \/>\nNicht den h\u00fcbschen Katzenfuss anstupsen, das mag sie gaaaaar nicht.<\/p>\n<p><img decoding=\"async\" alt=\"Und was siehst Du wenn Du vom Sofa hochguggst?\" src=\"https:\/\/kreativ.fimotic.com\/wp-content\/uploads\/2013\/werkzeug\/extruder\/katzrobatik.jpg\" \/><\/p>\n<p>Die Metallr\u00f6hre wird tats\u00e4chlich nicht wirklich schmutzig, der Gummiring macht einen guten Job \ud83d\ude00<br \/>\nWenn doch mal etwas drin bleibt einfach ein K\u00fcchenpapier zusammenwurschten und druchziehen.<br \/>\nJa Du willst auch so ein teil, ich weiss es. Und Du weisst es auch \ud83d\ude09<br \/>\nHab Spass damit!<br \/>\nLiebe Gr\u00fcsse,<br \/>\nEure Tumana<\/p>\n<p><script type=\"text\/javascript\">\/\/ < ![CDATA[\n\/\/ < ![CDATA[\n\/\/ < ![CDATA[\n\/\/ < ![CDATA[\n\/\/ < ![CDATA[\ngoogle_ad_client = \"ca-pub-2458973701178268\"; \/* Seite Rot Text *\/ google_ad_slot = \"5874934017\"; google_ad_width = 336; google_ad_height = 280;\n\/\/ ]]><\/script><br \/>\n<script type=\"text\/javascript\" src=\"http:\/\/pagead2.googlesyndication.com\/pagead\/show_ads.js\">\/\/ < ![CDATA[\n\/\/ < ![CDATA[\n\/\/ < ![CDATA[\n\/\/ < ![CDATA[\n\/\/ < ![CDATA[\n\n\/\/ ]]><\/script><\/p>\n","protected":false},"excerpt":{"rendered":"<p>Claygun, Extruder&#8230; wie was wo? Ich m\u00f6chte Euch hier gern den Makins Clay Extruder zeigen. Gekauft hab ich ihn beim Bastelprofi &#8211; macht Spass dort zu shoppen \ud83d\ude00 Geliefert wird das gr\u00fcne Teil mit ein bissel Zubeh\u00f6r. Schrauben wir das &hellip; <a href=\"https:\/\/kreativ.fimotic.com\/?page_id=3703\">Weiterlesen <span class=\"meta-nav\">&rarr;<\/span><\/a><\/p>\n","protected":false},"author":2,"featured_media":0,"parent":239,"menu_order":0,"comment_status":"open","ping_status":"closed","template":"","meta":{"footnotes":""},"class_list":["post-3703","page","type-page","status-publish","hentry"],"_links":{"self":[{"href":"https:\/\/kreativ.fimotic.com\/index.php?rest_route=\/wp\/v2\/pages\/3703","targetHints":{"allow":["GET"]}}],"collection":[{"href":"https:\/\/kreativ.fimotic.com\/index.php?rest_route=\/wp\/v2\/pages"}],"about":[{"href":"https:\/\/kreativ.fimotic.com\/index.php?rest_route=\/wp\/v2\/types\/page"}],"author":[{"embeddable":true,"href":"https:\/\/kreativ.fimotic.com\/index.php?rest_route=\/wp\/v2\/users\/2"}],"replies":[{"embeddable":true,"href":"https:\/\/kreativ.fimotic.com\/index.php?rest_route=%2Fwp%2Fv2%2Fcomments&post=3703"}],"version-history":[{"count":8,"href":"https:\/\/kreativ.fimotic.com\/index.php?rest_route=\/wp\/v2\/pages\/3703\/revisions"}],"predecessor-version":[{"id":3715,"href":"https:\/\/kreativ.fimotic.com\/index.php?rest_route=\/wp\/v2\/pages\/3703\/revisions\/3715"}],"up":[{"embeddable":true,"href":"https:\/\/kreativ.fimotic.com\/index.php?rest_route=\/wp\/v2\/pages\/239"}],"wp:attachment":[{"href":"https:\/\/kreativ.fimotic.com\/index.php?rest_route=%2Fwp%2Fv2%2Fmedia&parent=3703"}],"curies":[{"name":"wp","href":"https:\/\/api.w.org\/{rel}","templated":true}]}}