{"id":3620,"date":"2013-02-20T18:40:24","date_gmt":"2013-02-20T18:40:24","guid":{"rendered":"http:\/\/kreativ.fimotic.com\/?page_id=3620"},"modified":"2013-02-20T18:53:59","modified_gmt":"2013-02-20T18:53:59","slug":"fimo-cd-alc-ink","status":"publish","type":"page","link":"https:\/\/kreativ.fimotic.com\/?page_id=3620","title":{"rendered":"Fimo + CD + Alc. Ink"},"content":{"rendered":"<p>Entkryptifiziert heisst das:<br \/>\nFimo und eine alte CD und Alkoholtinte (Alcohol Ink) \ud83d\ude00<br \/>\nSag mal, was machst Du eigentlich mit Deinen alten CDs?<\/p>\n<p><script type=\"text\/javascript\">\/\/ < ![CDATA[\n\/\/ < ![CDATA[ google_ad_client = \"ca-pub-2458973701178268\"; \/* Seite Rot Text *\/ google_ad_slot = \"5874934017\"; google_ad_width = 336; google_ad_height = 280;\n\/\/ ]]><\/script><br \/>\n<script type=\"text\/javascript\" src=\"http:\/\/pagead2.googlesyndication.com\/pagead\/show_ads.js\">\/\/ < ![CDATA[\n\/\/ < ![CDATA[\n\/\/ ]]><\/script><\/p>\n<p>Ich mache heute Kn\u00f6pfe.<br \/>\nIch brauche Glitzerblingkn\u00f6pfe zum karteln, kaufen mag ich nicht &#8211; also mache ich sie selbst.<br \/>\nIch betone das wegem karteln weil sie f\u00fcr alles andere zu d\u00fcnn w\u00e4ren, da m\u00fcsste schon bissel dickeres Fimo her. Das nur zur Info \ud83d\ude00<br \/>\nIch lasse mich wieder von <a title=\"Inspiration pur!\" href=\"https:\/\/kreativ.fimotic.com\/?page_id=3581\" target=\"_blank\">Yavannas Kalender<\/a> inspirieren, diesmal vom Monat Februar (passt ja grad, hihi) und mache mir einen Farbverlauf aus goldenem und brocefarbenem Effektfimo.<br \/>\nSo sieht das vor dem Farbverlauf noch aus:<\/p>\n<p><img decoding=\"async\" alt=\"Fimotic.com Anleitung von Tumana Fimo + CD-Recycling + Alcohilink ergibt ein ganz zauberhaftes Farbspiel. Einzigartige Farbeffekte!\" src=\"https:\/\/kreativ.fimotic.com\/wp-content\/uploads\/2013\/arbeitstechniken\/fimoundalkoholink\/fimo-cd-alcoholink_1.jpg\" \/><\/p>\n<p>Platten kurbeln&#8230;<\/p>\n<p><img decoding=\"async\" alt=\"Fimotic.com Anleitung von Tumana Fimo + CD-Recycling + Alcohilink ergibt ein ganz zauberhaftes Farbspiel. Einzigartige Farbeffekte!\" src=\"https:\/\/kreativ.fimotic.com\/wp-content\/uploads\/2013\/arbeitstechniken\/fimoundalkoholink\/fimo-cd-alcoholink_2.jpg\" \/><\/p>\n<p>&#8230;d\u00fcnner kurbeln und zusammenpappen und&#8230;<\/p>\n<p><img decoding=\"async\" alt=\"Fimotic.com Anleitung von Tumana Fimo + CD-Recycling + Alcohilink ergibt ein ganz zauberhaftes Farbspiel. Einzigartige Farbeffekte!\" src=\"https:\/\/kreativ.fimotic.com\/wp-content\/uploads\/2013\/arbeitstechniken\/fimoundalkoholink\/fimo-cd-alcoholink_3.jpg\" \/><\/p>\n<p>&#8230;<a title=\"Klassischer Farbverlauf\" href=\"https:\/\/kreativ.fimotic.com\/?page_id=513\" target=\"_blank\">Farbverlauf<\/a> machen \ud83d\ude00 *kurbel*<\/p>\n<p><img decoding=\"async\" alt=\"Fimotic.com Anleitung von Tumana Fimo + CD-Recycling + Alcohilink ergibt ein ganz zauberhaftes Farbspiel. Einzigartige Farbeffekte!\" src=\"https:\/\/kreativ.fimotic.com\/wp-content\/uploads\/2013\/arbeitstechniken\/fimoundalkoholink\/fimo-cd-alcoholink_4.jpg\" \/><\/p>\n<p>Wird tats\u00e4chlich ein Farbverlauf \ud83d\ude00<br \/>\nNaaaa kleine CD, Lust auf ein Abenteuer?<\/p>\n<p><img decoding=\"async\" alt=\"Fimotic.com Anleitung von Tumana Fimo + CD-Recycling + Alcohilink ergibt ein ganz zauberhaftes Farbspiel. Einzigartige Farbeffekte!\" src=\"https:\/\/kreativ.fimotic.com\/wp-content\/uploads\/2013\/arbeitstechniken\/fimoundalkoholink\/fimo-cd-alcoholink_5.jpg\" \/><\/p>\n<p>Nun denn.<br \/>\nErst mal die Folie anritzen, runde herum!<br \/>\nUnd zwar am \u00e4usseren Rand und auch am inneren Rand.<br \/>\nMusst nicht die ganze CD durchschneiden, einfach nur die Folie anritzen, braucht nicht viel Druck. Du wirst es f\u00fchlen \ud83d\ude00<\/p>\n<p><img decoding=\"async\" alt=\"Fimotic.com Anleitung von Tumana Fimo + CD-Recycling + Alcohilink ergibt ein ganz zauberhaftes Farbspiel. Einzigartige Farbeffekte!\" src=\"https:\/\/kreativ.fimotic.com\/wp-content\/uploads\/2013\/arbeitstechniken\/fimoundalkoholink\/fimo-cd-alcoholink_6.jpg\" \/><\/p>\n<p>Fimo drauflegen, also auf die Seite mit der Folie, da wo Du auch draufgeschrieben hast was auf der CD drauf ist:<\/p>\n<p><img decoding=\"async\" alt=\"Fimotic.com Anleitung von Tumana Fimo + CD-Recycling + Alcohilink ergibt ein ganz zauberhaftes Farbspiel. Einzigartige Farbeffekte!\" src=\"https:\/\/kreativ.fimotic.com\/wp-content\/uploads\/2013\/arbeitstechniken\/fimoundalkoholink\/fimo-cd-alcoholink_7.jpg\" \/><\/p>\n<p>Bissel anmodellieren mit einem Acrylstab oder sowas in der Art:<\/p>\n<p><img decoding=\"async\" alt=\"Fimotic.com Anleitung von Tumana Fimo + CD-Recycling + Alcohilink ergibt ein ganz zauberhaftes Farbspiel. Einzigartige Farbeffekte!\" src=\"https:\/\/kreativ.fimotic.com\/wp-content\/uploads\/2013\/arbeitstechniken\/fimoundalkoholink\/fimo-cd-alcoholink_8.jpg\" \/><\/p>\n<p>Dann nehmen wir das Ganz in die H\u00e4nde.<br \/>\nOh, siehst Du das?<\/p>\n<p><img decoding=\"async\" alt=\"Fimotic.com Anleitung von Tumana Fimo + CD-Recycling + Alcohilink ergibt ein ganz zauberhaftes Farbspiel. Einzigartige Farbeffekte!\" src=\"https:\/\/kreativ.fimotic.com\/wp-content\/uploads\/2013\/arbeitstechniken\/fimoundalkoholink\/fimo-cd-alcoholink_9.jpg\" \/><\/p>\n<p>Die Folie bleibt von ganz allein kleben am Fimo.<br \/>\nBissel massieren, bissel bewegen, CD hin- und herbiegen&#8230; halt ein bissel Fimo-CD-Gymnastik machen und die Folie wird sich abl\u00f6sen.<\/p>\n<p><img decoding=\"async\" alt=\"Fimotic.com Anleitung von Tumana Fimo + CD-Recycling + Alcohilink ergibt ein ganz zauberhaftes Farbspiel. Einzigartige Farbeffekte!\" src=\"https:\/\/kreativ.fimotic.com\/wp-content\/uploads\/2013\/arbeitstechniken\/fimoundalkoholink\/fimo-cd-alcoholink_10.jpg\" \/><\/p>\n<p>Spannend, gell \ud83d\ude00<\/p>\n<p><img decoding=\"async\" alt=\"Fimotic.com Anleitung von Tumana Fimo + CD-Recycling + Alcohilink ergibt ein ganz zauberhaftes Farbspiel. Einzigartige Farbeffekte!\" src=\"https:\/\/kreativ.fimotic.com\/wp-content\/uploads\/2013\/arbeitstechniken\/fimoundalkoholink\/fimo-cd-alcoholink_11.jpg\" \/><\/p>\n<p>Voil\u00e0.<br \/>\nF\u00e4llt Dir was auf? *lach*<br \/>\nRechts die CD, Links das Fimo mit der Folie drauf \ud83d\ude00<\/p>\n<p><img decoding=\"async\" alt=\"Fimotic.com Anleitung von Tumana Fimo + CD-Recycling + Alcohilink ergibt ein ganz zauberhaftes Farbspiel. Einzigartige Farbeffekte!\" src=\"https:\/\/kreativ.fimotic.com\/wp-content\/uploads\/2013\/arbeitstechniken\/fimoundalkoholink\/fimo-cd-alcoholink_12.jpg\" \/><\/p>\n<p>Das sieht ja schon gut aus aber das ist noch gaaaar nix!<\/p>\n<p><img decoding=\"async\" alt=\"Fimotic.com Anleitung von Tumana Fimo + CD-Recycling + Alcohilink ergibt ein ganz zauberhaftes Farbspiel. Einzigartige Farbeffekte!\" src=\"https:\/\/kreativ.fimotic.com\/wp-content\/uploads\/2013\/arbeitstechniken\/fimoundalkoholink\/fimo-cd-alcoholink_13.jpg\" \/><\/p>\n<p>Erst mal Fimo retten, Geizkragen-ich ertr\u00e4gt das ja nicht.<\/p>\n<p><img decoding=\"async\" alt=\"Fimotic.com Anleitung von Tumana Fimo + CD-Recycling + Alcohilink ergibt ein ganz zauberhaftes Farbspiel. Einzigartige Farbeffekte!\" src=\"https:\/\/kreativ.fimotic.com\/wp-content\/uploads\/2013\/arbeitstechniken\/fimoundalkoholink\/fimo-cd-alcoholink_14.jpg\" \/><\/p>\n<p>Dann schneide ich mir St\u00fcck f\u00fcr St\u00fcck ab zum weiterverarbeiten.<\/p>\n<p><img decoding=\"async\" alt=\"Fimotic.com Anleitung von Tumana Fimo + CD-Recycling + Alcohilink ergibt ein ganz zauberhaftes Farbspiel. Einzigartige Farbeffekte!\" src=\"https:\/\/kreativ.fimotic.com\/wp-content\/uploads\/2013\/arbeitstechniken\/fimoundalkoholink\/fimo-cd-alcoholink_15.jpg\" \/><\/p>\n<p>Du kannst nat\u00fcrlich auch alles auf einmal volltinten, ich geniesse das gern St\u00fcckchen f\u00fcr St\u00fcckchen \ud83d\ude00<\/p>\n<p><img decoding=\"async\" alt=\"Fimotic.com Anleitung von Tumana Fimo + CD-Recycling + Alcohilink ergibt ein ganz zauberhaftes Farbspiel. Einzigartige Farbeffekte!\" src=\"https:\/\/kreativ.fimotic.com\/wp-content\/uploads\/2013\/arbeitstechniken\/fimoundalkoholink\/fimo-cd-alcoholink_16.jpg\" \/><\/p>\n<p>Das ist mein Schatzzzzzzzzzzzzzzz!<br \/>\n<a title=\"Dorans kreative Welt - Malaikas Blog (wirklich sehenswert! Sie arbeitet so akurat - einfach toll!)\" href=\"http:\/\/www.dorandoo.blogspot.com\/\" target=\"_blank\">Malaika<\/a> hat mir ganz viele Adirondack-Tintenfl\u00e4schli und noch viel mehr Zubeh\u00f6r geschenkt, jetzt haben sie einen Job \ud83d\ude00 Und zwar brauche ich Pesto, Eggplant (=Aubergine) und Lettuce (=Salat):<\/p>\n<p><img decoding=\"async\" alt=\"Fimotic.com Anleitung von Tumana Fimo + CD-Recycling + Alcohilink ergibt ein ganz zauberhaftes Farbspiel. Einzigartige Farbeffekte!\" src=\"https:\/\/kreativ.fimotic.com\/wp-content\/uploads\/2013\/arbeitstechniken\/fimoundalkoholink\/fimo-cd-alcoholink_17.jpg\" \/><\/p>\n<p>Boah!<\/p>\n<p><img decoding=\"async\" alt=\"Fimotic.com Anleitung von Tumana Fimo + CD-Recycling + Alcohilink ergibt ein ganz zauberhaftes Farbspiel. Einzigartige Farbeffekte!\" src=\"https:\/\/kreativ.fimotic.com\/wp-content\/uploads\/2013\/arbeitstechniken\/fimoundalkoholink\/fimo-cd-alcoholink_18.jpg\" \/><\/p>\n<p>Booooah!<\/p>\n<p><img decoding=\"async\" alt=\"Fimotic.com Anleitung von Tumana Fimo + CD-Recycling + Alcohilink ergibt ein ganz zauberhaftes Farbspiel. Einzigartige Farbeffekte!\" src=\"https:\/\/kreativ.fimotic.com\/wp-content\/uploads\/2013\/arbeitstechniken\/fimoundalkoholink\/fimo-cd-alcoholink_19.jpg\" \/><\/p>\n<p>Suuuperboooaaaaaah sieht das genial toll umwerfend gut aus!<br \/>\nWie macht man sowas bloss?!?<\/p>\n<p><img decoding=\"async\" alt=\"Fimotic.com Anleitung von Tumana Fimo + CD-Recycling + Alcohilink ergibt ein ganz zauberhaftes Farbspiel. Einzigartige Farbeffekte!\" src=\"https:\/\/kreativ.fimotic.com\/wp-content\/uploads\/2013\/arbeitstechniken\/fimoundalkoholink\/fimo-cd-alcoholink_20.jpg\" \/><\/p>\n<p>Sehr simpel &#8211; die Alkoholtintis machen das ganz allein.<br \/>\nAber erst zeige ich Dir noch rasch dass eine CD-Folie keineswegs glatt sein muss; die Lufteinschl\u00fcsse massieren wir nat\u00fcrlich noch raus, das andere geh\u00f6rt zur CD:<\/p>\n<p><img decoding=\"async\" alt=\"Fimotic.com Anleitung von Tumana Fimo + CD-Recycling + Alcohilink ergibt ein ganz zauberhaftes Farbspiel. Einzigartige Farbeffekte!\" src=\"https:\/\/kreativ.fimotic.com\/wp-content\/uploads\/2013\/arbeitstechniken\/fimoundalkoholink\/fimo-cd-alcoholink_21.jpg\" \/><\/p>\n<p>Man sieht&#8217;s nicht immer, nur wenn das Licht in einem bestimmten Winkel und so weiter.<br \/>\nAber eigentlich wollen wir ja bunt machen, gell?<\/p>\n<p><img decoding=\"async\" alt=\"Fimotic.com Anleitung von Tumana Fimo + CD-Recycling + Alcohilink ergibt ein ganz zauberhaftes Farbspiel. Einzigartige Farbeffekte!\" src=\"https:\/\/kreativ.fimotic.com\/wp-content\/uploads\/2013\/arbeitstechniken\/fimoundalkoholink\/fimo-cd-alcoholink_22.jpg\" \/><\/p>\n<p>Ich beginne mit der dunkelsten Farbe: Eggplant.<br \/>\nTr\u00f6pfchen auf den Stupferdingsda draufgeben und tupfen. Das Muster passiert tats\u00e4chlich von alleine \ud83d\ude00<\/p>\n<p><img decoding=\"async\" alt=\"Fimotic.com Anleitung von Tumana Fimo + CD-Recycling + Alcohilink ergibt ein ganz zauberhaftes Farbspiel. Einzigartige Farbeffekte!\" src=\"https:\/\/kreativ.fimotic.com\/wp-content\/uploads\/2013\/arbeitstechniken\/fimoundalkoholink\/fimo-cd-alcoholink_23.jpg\" \/><\/p>\n<p>Die n\u00e4chst dunkle Farbe ist Pesto. Genau das gleiche Spielchen:<\/p>\n<p><img decoding=\"async\" alt=\"Fimotic.com Anleitung von Tumana Fimo + CD-Recycling + Alcohilink ergibt ein ganz zauberhaftes Farbspiel. Einzigartige Farbeffekte!\" src=\"https:\/\/kreativ.fimotic.com\/wp-content\/uploads\/2013\/arbeitstechniken\/fimoundalkoholink\/fimo-cd-alcoholink_24.jpg\" \/><\/p>\n<p>Tupfen, tupfen, tupfen \ud83d\ude00<br \/>\nZum Schluss noch den Salat drauf \ud83d\ude00<br \/>\nLattuce ist die hellste Farbe die ich verwenden will, die kommt zum Schluss:<\/p>\n<p><img decoding=\"async\" alt=\"Fimotic.com Anleitung von Tumana Fimo + CD-Recycling + Alcohilink ergibt ein ganz zauberhaftes Farbspiel. Einzigartige Farbeffekte!\" src=\"https:\/\/kreativ.fimotic.com\/wp-content\/uploads\/2013\/arbeitstechniken\/fimoundalkoholink\/fimo-cd-alcoholink_25.jpg\" \/><\/p>\n<p>Trocknen lassen!<\/p>\n<p><script type=\"text\/javascript\">\/\/ < ![CDATA[\n\/\/ < ![CDATA[ google_ad_client = \"ca-pub-2458973701178268\"; \/* Seite Banner Text u Bild *\/ google_ad_slot = \"2140623015\"; google_ad_width = 468; google_ad_height = 60;\n\/\/ ]]><\/script><br \/>\n<script type=\"text\/javascript\" src=\"http:\/\/pagead2.googlesyndication.com\/pagead\/show_ads.js\">\/\/ < ![CDATA[\n\/\/ < ![CDATA[\n\/\/ ]]><\/script><\/p>\n<p>Wirklich GUT trocknen lassen!<br \/>\nDann lege ich ein St\u00fcck <a title=\"Helferlein :)\" href=\"https:\/\/kreativ.fimotic.com\/?page_id=2295\" target=\"_blank\">PE-Folie<\/a> dr\u00fcber, Du siehst es ist nicht die frischeste Schicht ab der Rolle, Hauptsache die Folie ist sauber; wenn sie ein bissel zerknautscht ist, ist das egal.<\/p>\n<p><img decoding=\"async\" alt=\"Fimotic.com Anleitung von Tumana Fimo + CD-Recycling + Alcohilink ergibt ein ganz zauberhaftes Farbspiel. Einzigartige Farbeffekte!\" src=\"https:\/\/kreativ.fimotic.com\/wp-content\/uploads\/2013\/arbeitstechniken\/fimoundalkoholink\/fimo-cd-alcoholink_26.jpg\" \/><\/p>\n<p>Mit dem Acrylroller rolle ich jetzt einfach hin und her.<\/p>\n<p><img decoding=\"async\" alt=\"Fimotic.com Anleitung von Tumana Fimo + CD-Recycling + Alcohilink ergibt ein ganz zauberhaftes Farbspiel. Einzigartige Farbeffekte!\" src=\"https:\/\/kreativ.fimotic.com\/wp-content\/uploads\/2013\/arbeitstechniken\/fimoundalkoholink\/fimo-cd-alcoholink_27.jpg\" \/><\/p>\n<p>Ich will Risse haben &#8211; und so geht das recht einfach.<\/p>\n<p><img decoding=\"async\" alt=\"Fimotic.com Anleitung von Tumana Fimo + CD-Recycling + Alcohilink ergibt ein ganz zauberhaftes Farbspiel. Einzigartige Farbeffekte!\" src=\"https:\/\/kreativ.fimotic.com\/wp-content\/uploads\/2013\/arbeitstechniken\/fimoundalkoholink\/fimo-cd-alcoholink_28.jpg\" \/><\/p>\n<p>Ja das passt.<br \/>\nMein Effect lag ein bissel l\u00e4nger rum, hat auch ein paar Risse bekommen. Dazu kommt noch dass die Fimoschicht recht d\u00fcnn ist&#8230; aber das macht nichts.<br \/>\nRisse in der Fimoplatte&#8230;<\/p>\n<p><img decoding=\"async\" alt=\"Fimotic.com Anleitung von Tumana Fimo + CD-Recycling + Alcohilink ergibt ein ganz zauberhaftes Farbspiel. Einzigartige Farbeffekte!\" src=\"https:\/\/kreativ.fimotic.com\/wp-content\/uploads\/2013\/arbeitstechniken\/fimoundalkoholink\/fimo-cd-alcoholink_29.jpg\" \/><\/p>\n<p>&#8230;reparieren wir: St\u00fcckchen umdrehen und auf der R\u00fcckseite alles verschaffen. In der Regel geht das mit dem Acrylstab: einfach dr\u00fcberrollen:<\/p>\n<p><img decoding=\"async\" alt=\"Fimotic.com Anleitung von Tumana Fimo + CD-Recycling + Alcohilink ergibt ein ganz zauberhaftes Farbspiel. Einzigartige Farbeffekte!\" src=\"https:\/\/kreativ.fimotic.com\/wp-content\/uploads\/2013\/arbeitstechniken\/fimoundalkoholink\/fimo-cd-alcoholink_30.jpg\" \/><\/p>\n<p>Auf der Oberfl\u00e4che hat&#8217;s immer noch Risse, das st\u00f6rt mich nicht im Geringsten &#8211; im Gegenteil! Ich mag den Effekt supergern! Hauptsache es f\u00e4llt nicht auseinander.<\/p>\n<p><img decoding=\"async\" alt=\"Fimotic.com Anleitung von Tumana Fimo + CD-Recycling + Alcohilink ergibt ein ganz zauberhaftes Farbspiel. Einzigartige Farbeffekte!\" src=\"https:\/\/kreativ.fimotic.com\/wp-content\/uploads\/2013\/arbeitstechniken\/fimoundalkoholink\/fimo-cd-alcoholink_31.jpg\" \/><\/p>\n<p>Das w\u00e4re ein sch\u00f6ner Schmucknah\u00e4nger *schw\u00e4rm* aber nein, ich brauche Kn\u00f6pfe f\u00fcrs <a title=\"Wir Papiersuchtis unter uns\" href=\"http:\/\/kreativ.scrapastic.com\/\" target=\"_blank\">karteln<\/a>! Also Ausstecherchen z\u00fccken und ausstechen!<\/p>\n<p><img decoding=\"async\" alt=\"Fimotic.com Anleitung von Tumana Fimo + CD-Recycling + Alcohilink ergibt ein ganz zauberhaftes Farbspiel. Einzigartige Farbeffekte!\" src=\"https:\/\/kreativ.fimotic.com\/wp-content\/uploads\/2013\/arbeitstechniken\/fimoundalkoholink\/fimo-cd-alcoholink_32.jpg\" \/><\/p>\n<p>Boah die gefallen mir jetzt schon, juhu!<\/p>\n<p><img decoding=\"async\" alt=\"Fimotic.com Anleitung von Tumana Fimo + CD-Recycling + Alcohilink ergibt ein ganz zauberhaftes Farbspiel. Einzigartige Farbeffekte!\" src=\"https:\/\/kreativ.fimotic.com\/wp-content\/uploads\/2013\/arbeitstechniken\/fimoundalkoholink\/fimo-cd-alcoholink_33.jpg\" \/><\/p>\n<p>Resten wegziehen&#8230;<\/p>\n<p><img decoding=\"async\" alt=\"Fimotic.com Anleitung von Tumana Fimo + CD-Recycling + Alcohilink ergibt ein ganz zauberhaftes Farbspiel. Einzigartige Farbeffekte!\" src=\"https:\/\/kreativ.fimotic.com\/wp-content\/uploads\/2013\/arbeitstechniken\/fimoundalkoholink\/fimo-cd-alcoholink_34.jpg\" \/><\/p>\n<p>&#8230;und freuen!<\/p>\n<p><img decoding=\"async\" alt=\"Fimotic.com Anleitung von Tumana Fimo + CD-Recycling + Alcohilink ergibt ein ganz zauberhaftes Farbspiel. Einzigartige Farbeffekte!\" src=\"https:\/\/kreativ.fimotic.com\/wp-content\/uploads\/2013\/arbeitstechniken\/fimoundalkoholink\/fimo-cd-alcoholink_35.jpg\" \/><\/p>\n<p>L\u00f6chlein machen &#8211; hier ist es wichtig dass die L\u00f6chlein richtig gemacht werden, nachbohren k\u00f6nnte bissel doof sein wegen der Folie.<\/p>\n<p><img decoding=\"async\" alt=\"Fimotic.com Anleitung von Tumana Fimo + CD-Recycling + Alcohilink ergibt ein ganz zauberhaftes Farbspiel. Einzigartige Farbeffekte!\" src=\"https:\/\/kreativ.fimotic.com\/wp-content\/uploads\/2013\/arbeitstechniken\/fimoundalkoholink\/fimo-cd-alcoholink_36.jpg\" \/><\/p>\n<p>Und weiter geht&#8217;s mit dem n\u00e4chsten St\u00fcck \ud83d\ude00<\/p>\n<p><img decoding=\"async\" alt=\"Fimotic.com Anleitung von Tumana Fimo + CD-Recycling + Alcohilink ergibt ein ganz zauberhaftes Farbspiel. Einzigartige Farbeffekte!\" src=\"https:\/\/kreativ.fimotic.com\/wp-content\/uploads\/2013\/arbeitstechniken\/fimoundalkoholink\/fimo-cd-alcoholink_37.jpg\" \/><\/p>\n<p>Schau, meine Inspiration; passt gut, nicht?<\/p>\n<p><img decoding=\"async\" alt=\"Fimotic.com Anleitung von Tumana Fimo + CD-Recycling + Alcohilink ergibt ein ganz zauberhaftes Farbspiel. Einzigartige Farbeffekte!\" src=\"https:\/\/kreativ.fimotic.com\/wp-content\/uploads\/2013\/arbeitstechniken\/fimoundalkoholink\/fimo-cd-alcoholink_38.jpg\" \/><\/p>\n<p>Die Resten jage ich durch den Extruder und&#8230;<\/p>\n<p><img decoding=\"async\" alt=\"Fimotic.com Anleitung von Tumana Fimo + CD-Recycling + Alcohilink ergibt ein ganz zauberhaftes Farbspiel. Einzigartige Farbeffekte!\" src=\"https:\/\/kreativ.fimotic.com\/wp-content\/uploads\/2013\/arbeitstechniken\/fimoundalkoholink\/fimo-cd-alcoholink_39.jpg\" \/><\/p>\n<p>&#8230;rolle die W\u00fcrstel zur Schnecke, rolle mit dem Acrylstab dr\u00fcber und steche mir auch da Kn\u00f6pfe aus. Sieht auch ganz witzig aus \ud83d\ude00<\/p>\n<p><img decoding=\"async\" alt=\"Fimotic.com Anleitung von Tumana Fimo + CD-Recycling + Alcohilink ergibt ein ganz zauberhaftes Farbspiel. Einzigartige Farbeffekte!\" src=\"https:\/\/kreativ.fimotic.com\/wp-content\/uploads\/2013\/arbeitstechniken\/fimoundalkoholink\/fimo-cd-alcoholink_40.jpg\" \/><\/p>\n<p>Nach dem backen und ausk\u00fchlen, kommt eine dicke Lackschicht drauf.<br \/>\nIch brauche die Kn\u00f6pfe f\u00fcrs karteln wie gesagt, ich lackiere also nur die Voderseite.<br \/>\nDamit sie mir nicht weglaufen beim lackieren, klebe ich sie einfach auf Malerkrepp:<\/p>\n<p><img decoding=\"async\" alt=\"Fimotic.com Anleitung von Tumana Fimo + CD-Recycling + Alcohilink ergibt ein ganz zauberhaftes Farbspiel. Einzigartige Farbeffekte!\" src=\"https:\/\/kreativ.fimotic.com\/wp-content\/uploads\/2013\/arbeitstechniken\/fimoundalkoholink\/fimo-cd-alcoholink_41.jpg\" \/><\/p>\n<p>Ich mag die Kn\u00f6pfe total!<\/p>\n<p><img decoding=\"async\" alt=\"Fimotic.com Anleitung von Tumana Fimo + CD-Recycling + Alcohilink ergibt ein ganz zauberhaftes Farbspiel. Einzigartige Farbeffekte!\" src=\"https:\/\/kreativ.fimotic.com\/wp-content\/uploads\/2013\/arbeitstechniken\/fimoundalkoholink\/fimo-cd-alcoholink_42.jpg\" \/><\/p>\n<p>Und das passiert wenn man nicht alle Luftbl\u00e4schen rausmassiert:<\/p>\n<p><img decoding=\"async\" alt=\"Fimotic.com Anleitung von Tumana Fimo + CD-Recycling + Alcohilink ergibt ein ganz zauberhaftes Farbspiel. Einzigartige Farbeffekte!\" src=\"https:\/\/kreativ.fimotic.com\/wp-content\/uploads\/2013\/arbeitstechniken\/fimoundalkoholink\/fimo-cd-alcoholink_43.jpg\" \/><\/p>\n<p>Zu Oberst die Restekn\u00f6pfe, ich mag sie auch \ud83d\ude00<\/p>\n<p><img decoding=\"async\" alt=\"Fimotic.com Anleitung von Tumana Fimo + CD-Recycling + Alcohilink ergibt ein ganz zauberhaftes Farbspiel. Einzigartige Farbeffekte!\" src=\"https:\/\/kreativ.fimotic.com\/wp-content\/uploads\/2013\/arbeitstechniken\/fimoundalkoholink\/fimo-cd-alcoholink_44.jpg\" \/><\/p>\n<p>Ausprobieren!<\/p>\n<p><img decoding=\"async\" alt=\"Fimotic.com Anleitung von Tumana Fimo + CD-Recycling + Alcohilink ergibt ein ganz zauberhaftes Farbspiel. Einzigartige Farbeffekte!\" src=\"https:\/\/kreativ.fimotic.com\/wp-content\/uploads\/2013\/arbeitstechniken\/fimoundalkoholink\/fimo-cd-alcoholink_45.jpg\" \/><\/p>\n<p>Neee, schwarze Schnur ist doof.<\/p>\n<p><img decoding=\"async\" alt=\"Fimotic.com Anleitung von Tumana Fimo + CD-Recycling + Alcohilink ergibt ein ganz zauberhaftes Farbspiel. Einzigartige Farbeffekte!\" src=\"https:\/\/kreativ.fimotic.com\/wp-content\/uploads\/2013\/arbeitstechniken\/fimoundalkoholink\/fimo-cd-alcoholink_46.jpg\" \/><\/p>\n<p>Gef\u00e4llt mir wirklich nicht.<\/p>\n<p><img decoding=\"async\" alt=\"Fimotic.com Anleitung von Tumana Fimo + CD-Recycling + Alcohilink ergibt ein ganz zauberhaftes Farbspiel. Einzigartige Farbeffekte!\" src=\"https:\/\/kreativ.fimotic.com\/wp-content\/uploads\/2013\/arbeitstechniken\/fimoundalkoholink\/fimo-cd-alcoholink_47.jpg\" \/><\/p>\n<p>Weg damit!<br \/>\nMit dem Resultat bin ich wirklich zufrieden, ich freue mich aufs karteln und werde immer wieder an den wunderbaren Schmetterling erinnert sein \ud83d\ude00<\/p>\n<p><img decoding=\"async\" alt=\"Fimotic.com Anleitung von Tumana Fimo + CD-Recycling + Alcohilink ergibt ein ganz zauberhaftes Farbspiel. Einzigartige Farbeffekte!\" src=\"https:\/\/kreativ.fimotic.com\/wp-content\/uploads\/2013\/arbeitstechniken\/fimoundalkoholink\/fimo-cd-alcoholink_48.jpg\" \/><\/p>\n<p><a title=\"Inspiration pur!\" href=\"https:\/\/kreativ.fimotic.com\/?page_id=3581\" target=\"_blank\">Yavannas Kalender<\/a> ist wirklich eine tolle Inspiration, wenn Du gern mal ihre tolle Webseite sehen willst:<strong> <a title=\"Yavannas Webseite\" href=\"http:\/\/www.ridleys-welt.net\/\" target=\"_blank\">hier klicken f\u00fcr zu <em>Ridleys Welt<\/em><\/a><\/strong><\/p>\n<p><img decoding=\"async\" alt=\"Fimotic.com Anleitung von Tumana Fimo + CD-Recycling + Alcohilink ergibt ein ganz zauberhaftes Farbspiel. Einzigartige Farbeffekte!\" src=\"https:\/\/kreativ.fimotic.com\/wp-content\/uploads\/2013\/arbeitstechniken\/fimoundalkoholink\/fimo-cd-alcoholink_49.jpg\" \/><\/p>\n<p>Tja, was machst Du jetzt mit Deinen alten CDs? \ud83d\ude00<\/p>\n<p><img decoding=\"async\" alt=\"Fimotic.com Anleitung von Tumana Fimo + CD-Recycling + Alcohilink ergibt ein ganz zauberhaftes Farbspiel. Einzigartige Farbeffekte!\" src=\"https:\/\/kreativ.fimotic.com\/wp-content\/uploads\/2013\/arbeitstechniken\/fimoundalkoholink\/fimo-cd-alcoholink_50.jpg\" \/><\/p>\n<p>Ist zumindest eine Option, nicht?<\/p>\n<p><img decoding=\"async\" alt=\"Fimotic.com Anleitung von Tumana Fimo + CD-Recycling + Alcohilink ergibt ein ganz zauberhaftes Farbspiel. Einzigartige Farbeffekte!\" src=\"https:\/\/kreativ.fimotic.com\/wp-content\/uploads\/2013\/arbeitstechniken\/fimoundalkoholink\/fimo-cd-alcoholink_51.jpg\" \/><\/p>\n<p>Ich bin froh hab&#8216; ich noch ein paar \ud83d\ude09<\/p>\n<p><img decoding=\"async\" alt=\"Fimotic.com Anleitung von Tumana Fimo + CD-Recycling + Alcohilink ergibt ein ganz zauberhaftes Farbspiel. Einzigartige Farbeffekte!\" src=\"https:\/\/kreativ.fimotic.com\/wp-content\/uploads\/2013\/arbeitstechniken\/fimoundalkoholink\/fimo-cd-alcoholink_52.jpg\" \/><\/p>\n<p>A propos froh: die Kleine ist so froh hab ich eine gute Disziplin *lach*<br \/>\nIch m\u00f6chte dieses Bauchi einfach knuddeln! Aber sie schl\u00e4ft sooooo s\u00fcss&#8230; also lasse ich sie schlafen \ud83d\ude00<\/p>\n<p><img decoding=\"async\" alt=\"Katzenbauchi\" src=\"https:\/\/kreativ.fimotic.com\/wp-content\/uploads\/2013\/arbeitstechniken\/fimoundalkoholink\/loreleybauchi.jpg\" \/><\/p>\n<p>Ich hoffe ich konnte Deine Neugier wecken; Alcohol-Inks sind eine tolle Sache, ich bin mir sicher dass ich aufstocken werde.<br \/>\nNach diesem fabul\u00f6sen Resultat geht&#8217;s kaum anders \ud83d\ude00<br \/>\nViel Spass beim CD opfern und Tinte stupfsern,<br \/>\nliebe Gr\u00fcsse,<br \/>\nEure Tumana<\/p>\n<p><script type=\"text\/javascript\">\/\/ < ![CDATA[\n\/\/ < ![CDATA[ google_ad_client = \"ca-pub-2458973701178268\"; \/* Seite Rot Text *\/ google_ad_slot = \"5874934017\"; google_ad_width = 336; google_ad_height = 280;\n\/\/ ]]><\/script><br \/>\n<script type=\"text\/javascript\" src=\"http:\/\/pagead2.googlesyndication.com\/pagead\/show_ads.js\">\/\/ < ![CDATA[\n\/\/ < ![CDATA[\n\/\/ ]]><\/script><\/p>\n<p>P.S.:<br \/>\nWie man auf sowas kommt?<br \/>\nMan ist ein Chaot und parkiert Fimo \u00fcber Nacht auf einer CD *seufz*<br \/>\nNicht lustig &#8211; aber coooooooooooooool \ud83d\ude09<\/p>\n","protected":false},"excerpt":{"rendered":"<p>Entkryptifiziert heisst das: Fimo und eine alte CD und Alkoholtinte (Alcohol Ink) \ud83d\ude00 Sag mal, was machst Du eigentlich mit Deinen alten CDs? Ich mache heute Kn\u00f6pfe. Ich brauche Glitzerblingkn\u00f6pfe zum karteln, kaufen mag ich nicht &#8211; also mache ich &hellip; <a href=\"https:\/\/kreativ.fimotic.com\/?page_id=3620\">Weiterlesen <span class=\"meta-nav\">&rarr;<\/span><\/a><\/p>\n","protected":false},"author":2,"featured_media":0,"parent":71,"menu_order":0,"comment_status":"open","ping_status":"closed","template":"","meta":{"footnotes":""},"class_list":["post-3620","page","type-page","status-publish","hentry"],"_links":{"self":[{"href":"https:\/\/kreativ.fimotic.com\/index.php?rest_route=\/wp\/v2\/pages\/3620","targetHints":{"allow":["GET"]}}],"collection":[{"href":"https:\/\/kreativ.fimotic.com\/index.php?rest_route=\/wp\/v2\/pages"}],"about":[{"href":"https:\/\/kreativ.fimotic.com\/index.php?rest_route=\/wp\/v2\/types\/page"}],"author":[{"embeddable":true,"href":"https:\/\/kreativ.fimotic.com\/index.php?rest_route=\/wp\/v2\/users\/2"}],"replies":[{"embeddable":true,"href":"https:\/\/kreativ.fimotic.com\/index.php?rest_route=%2Fwp%2Fv2%2Fcomments&post=3620"}],"version-history":[{"count":6,"href":"https:\/\/kreativ.fimotic.com\/index.php?rest_route=\/wp\/v2\/pages\/3620\/revisions"}],"predecessor-version":[{"id":3626,"href":"https:\/\/kreativ.fimotic.com\/index.php?rest_route=\/wp\/v2\/pages\/3620\/revisions\/3626"}],"up":[{"embeddable":true,"href":"https:\/\/kreativ.fimotic.com\/index.php?rest_route=\/wp\/v2\/pages\/71"}],"wp:attachment":[{"href":"https:\/\/kreativ.fimotic.com\/index.php?rest_route=%2Fwp%2Fv2%2Fmedia&parent=3620"}],"curies":[{"name":"wp","href":"https:\/\/api.w.org\/{rel}","templated":true}]}}