{"id":2978,"date":"2012-09-17T15:52:56","date_gmt":"2012-09-17T15:52:56","guid":{"rendered":"http:\/\/kreativ.fimotic.com\/?page_id=2978"},"modified":"2012-09-17T15:52:56","modified_gmt":"2012-09-17T15:52:56","slug":"hande-waschen","status":"publish","type":"page","link":"https:\/\/kreativ.fimotic.com\/?page_id=2978","title":{"rendered":"H\u00e4nde waschen"},"content":{"rendered":"<p>B\u00e4\u00e4\u00e4\u00e4\u00e4\u00e4\u00e4\u00e4\u00e4\u00e4\u00e4\u00e4\u00e4\u00e4\u00e4\u00e4h!<br \/>\nDu kennst das auch, gell?<br \/>\nDreckpfoten vom fim\u00f6len.<br \/>\n*\u00f6rks*<\/p>\n<p><img decoding=\"async\" src=\"https:\/\/kreativ.fimotic.com\/wp-content\/uploads\/2012\/arbeitstechniken\/haendewaschen\/saubere-pfoten_2.jpg\" alt=\"H\u00e4nde waschen\" \/><\/p>\n<p>Manchmal f\u00e4rbt&#8217;s einfach ab.<br \/>\nIch hab Jahre verschwendet bis ich das (bis jetzt) perfekte Putz-Werkzeug gefunden habe, ich weiss nicht ob ich lachen oder weinen soll.<br \/>\nJa ist ja gut, ich lache ja schon! \ud83d\ude00<br \/>\nWas hab ich nicht alles ausprobiert!<br \/>\nDie <a title=\"Unser Forumchen\" href=\"http:\/\/forum.schnugis.net\" target=\"_blank\">Schnugis<\/a> haben mir sogar Spezialseifen gesiedet!<br \/>\n(sind sie nicht einfach toll diese Menschen?!?)<br \/>\nAber wirklich geklappt hat&#8217;s nur mit der rauhen Seite vom Scheuerschwamm.<br \/>\nArme H\u00e4nde, grad bei etwas komplizierteren Canes stehe ich dauernd im Bad und wasche die H\u00e4nde.<br \/>\nWeil wer will mit solchen H\u00e4nden schon die n\u00e4chste Farbe anfassen?!?<\/p>\n<p><img decoding=\"async\" src=\"https:\/\/kreativ.fimotic.com\/wp-content\/uploads\/2012\/arbeitstechniken\/haendewaschen\/saubere-pfoten_3.jpg\" alt=\"Saubere H\u00e4nde nach dem arbeiten mit Fimo\" \/><\/p>\n<p>Ich nicht!<br \/>\nUnd dann dachte ich &#8211; ich probier&#8217;s einfach mal.<br \/>\nKennst Du diese Fleckweg-Schmutzradierer-Zauberschw\u00e4mme oder wie sie auch noch heissen m\u00f6gen?<br \/>\nSie sind Weiss, man muss sie zwingend nass machen vorm Gebrauch und man kann wirklich alles wegschrubben damit.<br \/>\nWenn Du es nicht kennst dann gib mal &#8222;Schmutzradierer&#8220; ein bei Deiner bevorzugten Suchmaschine.<br \/>\nKaum zu glauben, es funktioniert einfach!<br \/>\nWahnsinn!<br \/>\nNass machen, \u00fcber die H\u00e4nde streicheln damit, gut ist.<br \/>\nKein Schrubben, kein Haut abziehen *kicher* einfach nur dr\u00fcberstreicheln.<\/p>\n<p><img decoding=\"async\" src=\"https:\/\/kreativ.fimotic.com\/wp-content\/uploads\/2012\/arbeitstechniken\/haendewaschen\/saubere-pfoten_4.jpg\" alt=\"Fimogef\u00e4rbte H\u00e4nde sauberkriegen\" \/><\/p>\n<p>A propos dr\u00fcberstreicheln: Da hat jemand perfekt saubere Pf\u00f6tchen \ud83d\ude00<br \/>\nWenn nicht stiefelt sie zwei, drei mal \u00fcber mich dr\u00fcber *seufz* und dann sind die Katzenlatschen auch blitzblank.<\/p>\n<p><img decoding=\"async\" src=\"https:\/\/kreativ.fimotic.com\/wp-content\/uploads\/2012\/arbeitstechniken\/haendewaschen\/saubere-pfoten_1.jpg\" alt=\"Blitzblanke Katzentatzen\" \/><\/p>\n<p>Du kannst Dir kaum vorstellen wie gl\u00fccklich ich bin diese ach so einfache L\u00f6sung pr\u00e4sentieren zu k\u00f6nnen!<br \/>\nEs ist in der Tat genau so simpel &#8211; kein schrubben und was auch immer wir so tun um halbwegs saubere H\u00e4nde zu bekommen.<br \/>\nZauberhaft, nicht?<\/p>\n<p>Liebe Gr\u00fcsse,<br \/>\nEure Tumana<\/p>\n<p><script type=\"text\/javascript\">\/\/ <![CDATA[\ngoogle_ad_client = \"ca-pub-2458973701178268\"; \/* Text gross Bunt *\/ google_ad_slot = \"1219502279\"; google_ad_width = 336; google_ad_height = 280;\n\/\/ ]]><\/script><br \/>\n<script type=\"text\/javascript\" src=\"http:\/\/pagead2.googlesyndication.com\/pagead\/show_ads.js\">\/\/ <![CDATA[\n\n\/\/ ]]><\/script><\/p>\n","protected":false},"excerpt":{"rendered":"<p>B\u00e4\u00e4\u00e4\u00e4\u00e4\u00e4\u00e4\u00e4\u00e4\u00e4\u00e4\u00e4\u00e4\u00e4\u00e4\u00e4h! Du kennst das auch, gell? Dreckpfoten vom fim\u00f6len. *\u00f6rks* Manchmal f\u00e4rbt&#8217;s einfach ab. Ich hab Jahre verschwendet bis ich das (bis jetzt) perfekte Putz-Werkzeug gefunden habe, ich weiss nicht ob ich lachen oder weinen soll. Ja ist ja gut, &hellip; <a href=\"https:\/\/kreativ.fimotic.com\/?page_id=2978\">Weiterlesen <span class=\"meta-nav\">&rarr;<\/span><\/a><\/p>\n","protected":false},"author":2,"featured_media":0,"parent":71,"menu_order":0,"comment_status":"open","ping_status":"closed","template":"","meta":{"footnotes":""},"class_list":["post-2978","page","type-page","status-publish","hentry"],"_links":{"self":[{"href":"https:\/\/kreativ.fimotic.com\/index.php?rest_route=\/wp\/v2\/pages\/2978","targetHints":{"allow":["GET"]}}],"collection":[{"href":"https:\/\/kreativ.fimotic.com\/index.php?rest_route=\/wp\/v2\/pages"}],"about":[{"href":"https:\/\/kreativ.fimotic.com\/index.php?rest_route=\/wp\/v2\/types\/page"}],"author":[{"embeddable":true,"href":"https:\/\/kreativ.fimotic.com\/index.php?rest_route=\/wp\/v2\/users\/2"}],"replies":[{"embeddable":true,"href":"https:\/\/kreativ.fimotic.com\/index.php?rest_route=%2Fwp%2Fv2%2Fcomments&post=2978"}],"version-history":[{"count":1,"href":"https:\/\/kreativ.fimotic.com\/index.php?rest_route=\/wp\/v2\/pages\/2978\/revisions"}],"predecessor-version":[{"id":2979,"href":"https:\/\/kreativ.fimotic.com\/index.php?rest_route=\/wp\/v2\/pages\/2978\/revisions\/2979"}],"up":[{"embeddable":true,"href":"https:\/\/kreativ.fimotic.com\/index.php?rest_route=\/wp\/v2\/pages\/71"}],"wp:attachment":[{"href":"https:\/\/kreativ.fimotic.com\/index.php?rest_route=%2Fwp%2Fv2%2Fmedia&parent=2978"}],"curies":[{"name":"wp","href":"https:\/\/api.w.org\/{rel}","templated":true}]}}