{"id":2197,"date":"2012-05-16T09:23:39","date_gmt":"2012-05-16T09:23:39","guid":{"rendered":"http:\/\/kreativ.fimotic.com\/?page_id=2197"},"modified":"2012-05-16T09:28:49","modified_gmt":"2012-05-16T09:28:49","slug":"steinohrschmuck","status":"publish","type":"page","link":"https:\/\/kreativ.fimotic.com\/?page_id=2197","title":{"rendered":"Steinohrschmuck"},"content":{"rendered":"<p>Die Kieselsteinchen haben wir ja schon fix fertig parat:<br \/>\n<a title=\"Kieselsteinimitationsanleitung von Fimotic.com\" href=\"https:\/\/kreativ.fimotic.com\/?page_id=2160\" target=\"_blank\"><img decoding=\"async\" src=\"https:\/\/kreativ.fimotic.com\/wp-content\/uploads\/2011\/07\/icon_link.gif\" alt=\"https:\/\/kreativ.fimotic.com\/wp-content\/uploads\/2011\/07\/icon_link.gif\" \/> zur Imitationsanleitung Kieselsteine aus Fimo #1<\/a><br \/>\n<a title=\"Kieselsteinimitationsanleitung von Fimotic.com\" href=\"https:\/\/kreativ.fimotic.com\/?page_id=2162\" target=\"_blank\"><img decoding=\"async\" src=\"https:\/\/kreativ.fimotic.com\/wp-content\/uploads\/2011\/07\/icon_link.gif\" alt=\"https:\/\/kreativ.fimotic.com\/wp-content\/uploads\/2011\/07\/icon_link.gif\" \/> zur Imitationsanleitung Kieselsteine aus Fimo #2<\/a><br \/>\n<a title=\"Kieselsteinimitationsanleitung von Fimotic.com\" href=\"https:\/\/kreativ.fimotic.com\/?page_id=2164\" target=\"_blank\"><img decoding=\"async\" src=\"https:\/\/kreativ.fimotic.com\/wp-content\/uploads\/2011\/07\/icon_link.gif\" alt=\"https:\/\/kreativ.fimotic.com\/wp-content\/uploads\/2011\/07\/icon_link.gif\" \/> zur Imitationsanleitung Kieselsteine aus Fimo #3<\/a><br \/>\n<a title=\"Kieselsteinimitationsanleitung von Fimotic.com\" href=\"https:\/\/kreativ.fimotic.com\/?page_id=2166\" target=\"_blank\"><img decoding=\"async\" src=\"https:\/\/kreativ.fimotic.com\/wp-content\/uploads\/2011\/07\/icon_link.gif\" alt=\"https:\/\/kreativ.fimotic.com\/wp-content\/uploads\/2011\/07\/icon_link.gif\" \/> zur Imitationsanleitung Kieselsteine aus Fimo #4<\/a><\/p>\n<p>Nebst den Kieselsteinperlen brauchen wir ein bissel Werkzeug:<br \/>\nFront- oder Seitenschneiden, Rundzange, eine oder noch besser zwei Spitzzangen.<br \/>\nDazu Nietstifte (das sind jene welche mit dem platten Ende, sehen aus wie N\u00e4gel in ganz schlank), ein bissel Draht zum \u00d6sen biegen<br \/>\n<a title=\"\u00d6sen biegen ist ganz einfach, schau:\" href=\"https:\/\/kreativ.fimotic.com\/?page_id=1836\" target=\"_blank\"><img decoding=\"async\" src=\"https:\/\/kreativ.fimotic.com\/wp-content\/uploads\/2011\/07\/icon_link.gif\" alt=\"https:\/\/kreativ.fimotic.com\/wp-content\/uploads\/2011\/07\/icon_link.gif\" \/> zur Anleitung \u00d6sen biegen<\/a><br \/>\nund Ohrfedern:<\/p>\n<p><img decoding=\"async\" src=\"https:\/\/kreativ.fimotic.com\/wp-content\/uploads\/2012\/schmuck\/steinohrschmuck\/ohrschmuch-aus-fimo-kieselsteinen_1.jpg\" alt=\"Kieselsteinimitationen werden zu Ohrschmuck. Schritt f\u00fcr Schritt Anleitung Fimotic.com\" \/><\/p>\n<p>Hast Du Mut Fimoperlen so richtig schief zu pieksen?<br \/>\nBei diesen kann es durchaus Sinn machen &#8211; schiefe Steinhaufen sind doch &#8222;*in&#8220;, nicht?<br \/>\nAlso f\u00e4deln wir die Steine m\u00f6glichst passend auf die Nietstifte. Je weniger man vom Draht sehen kann zwischen den Steinchen, je besser.<\/p>\n<p><img decoding=\"async\" src=\"https:\/\/kreativ.fimotic.com\/wp-content\/uploads\/2012\/schmuck\/steinohrschmuck\/ohrschmuch-aus-fimo-kieselsteinen_2.jpg\" alt=\"Kieselsteinimitationen werden zu Ohrschmuck. Schritt f\u00fcr Schritt Anleitung Fimotic.com\" \/><\/p>\n<p>Der Nietstift braucht am oberen Ende noch gen\u00fcgend L\u00e4nge um eine \u00d6se biegen zu k\u00f6nnen.<br \/>\nMacht auch nichts wenn ein bissel mehr \u00fcbrig ist:<\/p>\n<p><img decoding=\"async\" src=\"https:\/\/kreativ.fimotic.com\/wp-content\/uploads\/2012\/schmuck\/steinohrschmuck\/ohrschmuch-aus-fimo-kieselsteinen_3.jpg\" alt=\"Kieselsteinimitationen werden zu Ohrschmuck. Schritt f\u00fcr Schritt Anleitung Fimotic.com\" \/><\/p>\n<p>Was zu viel ist knapsen wir einfach ab mit dem Front- oder Seitenschneider:<\/p>\n<p><img decoding=\"async\" src=\"https:\/\/kreativ.fimotic.com\/wp-content\/uploads\/2012\/schmuck\/steinohrschmuck\/ohrschmuch-aus-fimo-kieselsteinen_4.jpg\" alt=\"Kieselsteinimitationen werden zu Ohrschmuck. Schritt f\u00fcr Schritt Anleitung Fimotic.com\" \/><\/p>\n<p>Eine Draht\u00f6se aufbiegen und einf\u00e4deln.<br \/>\nNicht vergessen auch die Ohrfeder hineinzulegen \ud83d\ude00<\/p>\n<p><img decoding=\"async\" src=\"https:\/\/kreativ.fimotic.com\/wp-content\/uploads\/2012\/schmuck\/steinohrschmuck\/ohrschmuch-aus-fimo-kieselsteinen_5.jpg\" alt=\"Kieselsteinimitationen werden zu Ohrschmuck. Schritt f\u00fcr Schritt Anleitung Fimotic.com\" \/><\/p>\n<p>Die \u00d6se wieder schliessen.<br \/>\nMit zwei Spitzzangen ist das \u00f6ffnen und zumachen von den \u00d6sen nicht ganz so friemelig und schwer \ud83d\ude09<\/p>\n<p><img decoding=\"async\" src=\"https:\/\/kreativ.fimotic.com\/wp-content\/uploads\/2012\/schmuck\/steinohrschmuck\/ohrschmuch-aus-fimo-kieselsteinen_6.jpg\" alt=\"Kieselsteinimitationen werden zu Ohrschmuck. Schritt f\u00fcr Schritt Anleitung Fimotic.com\" \/><\/p>\n<p>Das wars schon.<br \/>\nFerig sind die meditativen Steinhaufen f\u00fcrs Ohr:<\/p>\n<p><img decoding=\"async\" src=\"https:\/\/kreativ.fimotic.com\/wp-content\/uploads\/2012\/schmuck\/steinohrschmuck\/ohrschmuch-aus-fimo-kieselsteinen_7.jpg\" alt=\"Kieselsteinimitationen werden zu Ohrschmuck. Schritt f\u00fcr Schritt Anleitung Fimotic.com\" \/><\/p>\n<p>Den Draht kann man auch ein bissel zurecht biegen \ud83d\ude09<br \/>\nNur Mut!<\/p>\n<p><img decoding=\"async\" src=\"https:\/\/kreativ.fimotic.com\/wp-content\/uploads\/2012\/schmuck\/steinohrschmuck\/ohrschmuch-aus-fimo-kieselsteinen_8.jpg\" alt=\"Kieselsteinimitationen werden zu Ohrschmuck. Schritt f\u00fcr Schritt Anleitung Fimotic.com\" \/><\/p>\n<p>Sieht mit allen Kieselsteinimitationen&#8230;<\/p>\n<p><img decoding=\"async\" src=\"https:\/\/kreativ.fimotic.com\/wp-content\/uploads\/2012\/schmuck\/steinohrschmuck\/ohrschmuch-aus-fimo-kieselsteinen_9.jpg\" alt=\"Kieselsteinimitationen werden zu Ohrschmuck. Schritt f\u00fcr Schritt Anleitung Fimotic.com\" \/><\/p>\n<p>&#8230;einfach gut aus!<\/p>\n<p><img decoding=\"async\" src=\"https:\/\/kreativ.fimotic.com\/wp-content\/uploads\/2012\/schmuck\/steinohrschmuck\/ohrschmuch-aus-fimo-kieselsteinen_10.jpg\" alt=\"Kieselsteinimitationen werden zu Ohrschmuck. Schritt f\u00fcr Schritt Anleitung Fimotic.com\" \/><\/p>\n<p>Aber es m\u00fcssen ja nicht nur Stein<em>haufen<\/em> sein&#8230;<\/p>\n<p><img decoding=\"async\" src=\"https:\/\/kreativ.fimotic.com\/wp-content\/uploads\/2012\/schmuck\/steinohrschmuck\/ohrschmuch-aus-fimo-kieselsteinen_11.jpg\" alt=\"Kieselsteinimitationen werden zu Ohrschmuck. Schritt f\u00fcr Schritt Anleitung Fimotic.com\" \/><\/p>\n<p>&#8230;auch reduziert ist es ein Blickfang:<\/p>\n<p><img decoding=\"async\" src=\"https:\/\/kreativ.fimotic.com\/wp-content\/uploads\/2012\/schmuck\/steinohrschmuck\/ohrschmuch-aus-fimo-kieselsteinen_12.jpg\" alt=\"Kieselsteinimitationen werden zu Ohrschmuck. Schritt f\u00fcr Schritt Anleitung Fimotic.com\" \/><\/p>\n<p>A propos Fang: Das wichtigste was es aktuell in unserer H\u00f6hle gibt ist exakt genau <em>diese<\/em> Schachtel.<br \/>\nBaby schnappt sich ganz gern ein Papiertaschentuch das sie sich ab und zu als Kissen zurechtlegt und das K\u00f6pfchen drauflegt \ud83d\ude00<\/p>\n<p><img decoding=\"async\" src=\"https:\/\/kreativ.fimotic.com\/wp-content\/uploads\/2012\/schmuck\/steinohrschmuck\/wichtigeschachtel.jpg\" alt=\"die aktuell wichtigste Schachtel in unserm Haushalt\" \/><\/p>\n<p>Einfacher und sch\u00f6ner Ohrschmuck, damit f\u00e4llst Du mit Sicherheit auf!<br \/>\nViel Spass beim Komplimente sammeln,<br \/>\nliebe Gr\u00fcsse,<br \/>\nEure Tumana<\/p>\n<p><script type=\"text\/javascript\">\/\/ <![CDATA[\n google_ad_client = \"ca-pub-2458973701178268\"; \/* Seite Banner Text u Bild *\/ google_ad_slot = \"2140623015\"; google_ad_width = 468; google_ad_height = 60;\n\/\/ ]]><\/script><br \/>\n<script type=\"text\/javascript\" src=\"http:\/\/pagead2.googlesyndication.com\/pagead\/show_ads.js\">\/\/ <![CDATA[\n\n\n\/\/ ]]><\/script><\/p>\n","protected":false},"excerpt":{"rendered":"<p>Die Kieselsteinchen haben wir ja schon fix fertig parat: zur Imitationsanleitung Kieselsteine aus Fimo #1 zur Imitationsanleitung Kieselsteine aus Fimo #2 zur Imitationsanleitung Kieselsteine aus Fimo #3 zur Imitationsanleitung Kieselsteine aus Fimo #4 Nebst den Kieselsteinperlen brauchen wir ein bissel &hellip; <a href=\"https:\/\/kreativ.fimotic.com\/?page_id=2197\">Weiterlesen <span class=\"meta-nav\">&rarr;<\/span><\/a><\/p>\n","protected":false},"author":2,"featured_media":0,"parent":125,"menu_order":0,"comment_status":"open","ping_status":"closed","template":"","meta":{"footnotes":""},"class_list":["post-2197","page","type-page","status-publish","hentry"],"_links":{"self":[{"href":"https:\/\/kreativ.fimotic.com\/index.php?rest_route=\/wp\/v2\/pages\/2197","targetHints":{"allow":["GET"]}}],"collection":[{"href":"https:\/\/kreativ.fimotic.com\/index.php?rest_route=\/wp\/v2\/pages"}],"about":[{"href":"https:\/\/kreativ.fimotic.com\/index.php?rest_route=\/wp\/v2\/types\/page"}],"author":[{"embeddable":true,"href":"https:\/\/kreativ.fimotic.com\/index.php?rest_route=\/wp\/v2\/users\/2"}],"replies":[{"embeddable":true,"href":"https:\/\/kreativ.fimotic.com\/index.php?rest_route=%2Fwp%2Fv2%2Fcomments&post=2197"}],"version-history":[{"count":5,"href":"https:\/\/kreativ.fimotic.com\/index.php?rest_route=\/wp\/v2\/pages\/2197\/revisions"}],"predecessor-version":[{"id":2203,"href":"https:\/\/kreativ.fimotic.com\/index.php?rest_route=\/wp\/v2\/pages\/2197\/revisions\/2203"}],"up":[{"embeddable":true,"href":"https:\/\/kreativ.fimotic.com\/index.php?rest_route=\/wp\/v2\/pages\/125"}],"wp:attachment":[{"href":"https:\/\/kreativ.fimotic.com\/index.php?rest_route=%2Fwp%2Fv2%2Fmedia&parent=2197"}],"curies":[{"name":"wp","href":"https:\/\/api.w.org\/{rel}","templated":true}]}}