{"id":2010,"date":"2012-04-20T18:53:12","date_gmt":"2012-04-20T18:53:12","guid":{"rendered":"http:\/\/kreativ.fimotic.com\/?page_id=2010"},"modified":"2012-04-20T19:15:44","modified_gmt":"2012-04-20T19:15:44","slug":"blubberblasen-geister","status":"publish","type":"page","link":"https:\/\/kreativ.fimotic.com\/?page_id=2010","title":{"rendered":"BlubberBlasen-Geister"},"content":{"rendered":"<h5>Die Anleitung stammt von unserer Fimoanleitungsseite<br \/>\n<a title=\"Viele Fimoanleitungen, Tipps und Tricks\" href=\"http:\/\/fimoanleitung.schnugis.net\/\" target=\"_blank\">fimoanleitung.schnugis.net<\/a><br \/>\nwo noch viele andere Anleitungen darauf warten entdeckt zu werden.<\/h5>\n<p>Das da ist das Ziel.<br \/>\nWundersch\u00f6ne Mica Shift Fimoteilchen die einen absolut faszinierenden<br \/>\n3D-Blubberblasen-Look haben.<\/p>\n<p><img decoding=\"async\" src=\"..\/wp-content\/uploads\/2012\/micashift\/blubberblasen-mica\/fimogeister2.jpg\" alt=\"Mica Shift Schmuckanh\u00e4nger mit Fimo Effect Metallic herstellen mit selbstgemachten Strukturplatten. Schritt f\u00fcr Schritt Anleitung von fimotic.com\" \/><\/p>\n<p>Um BlubberBlasen machen zu k\u00f6nnen brauchen wir ein BlubberBlasen-Strukturplatte:<br \/>\n<a title=\"BlubberBlasen MicaShift Schmuckst\u00fccke aus Fimo Effect Metallic und selbstgemachten Strukturlies.\" href=\"https:\/\/kreativ.fimotic.com\/?page_id=2009\" target=\"_blank\"><img decoding=\"async\" src=\"..\/wp-content\/uploads\/2011\/07\/icon_link.gif\" alt=\"https:\/\/kreativ.fimotic.com\/wp-content\/uploads\/2011\/07\/icon_link.gif\" \/> zur Anleitung BlubberBlasen-Strukturli<\/a><\/p>\n<p>Es geht los!<br \/>\n<strong>Fimo Effect Metallic<\/strong> auf die Arbeitsfl\u00e4che pappen und etwas flachwalzen.<br \/>\nEs soll etwas dicker sein als das endg\u00fcltige Schmuckst\u00fcck.<br \/>\nEs geht wirklich nur mit diesem ganz speziellen Fimo &#8211; nat\u00fcrlich mit jeder erh\u00e4ltlicher Metallic-Farbe \ud83d\ude00<\/p>\n<p><img decoding=\"async\" src=\"..\/wp-content\/uploads\/2012\/micashift\/blubberblasen-mica\/micashift_blubberblasenmotivform_004.jpg\" alt=\"Mica Shift Schmuckanh\u00e4nger mit Fimo Effect Metallic herstellen mit selbstgemachten Strukturplatten. Schritt f\u00fcr Schritt Anleitung von fimotic.com\" \/><\/p>\n<p>Haushaltsfolie drauf und dann feste unser Strukturli draufdr\u00fccken!<\/p>\n<p><img decoding=\"async\" src=\"..\/wp-content\/uploads\/2012\/micashift\/blubberblasen-mica\/micashift_blubberblasenmotivform_005.jpg\" alt=\"Mica Shift Schmuckanh\u00e4nger mit Fimo Effect Metallic herstellen mit selbstgemachten Strukturplatten. Schritt f\u00fcr Schritt Anleitung von fimotic.com\" \/><\/p>\n<p>Tadaaaaaaaaa \ud83d\ude00<\/p>\n<p><img decoding=\"async\" src=\"..\/wp-content\/uploads\/2012\/micashift\/blubberblasen-mica\/micashift_blubberblasenmotivform_006.jpg\" alt=\"Mica Shift Schmuckanh\u00e4nger mit Fimo Effect Metallic herstellen mit selbstgemachten Strukturplatten. Schritt f\u00fcr Schritt Anleitung von fimotic.com\" \/><\/p>\n<p>Folie abziehen und das St\u00fcckchen etwas zurechtstutzen:<br \/>\nOhne die hochstehenden Kanten und Umrandungen geht es einfacher &#8211; und wir brauchen sie eh nicht f\u00fcrs Schmuckst\u00fcck.<\/p>\n<p><img decoding=\"async\" src=\"..\/wp-content\/uploads\/2012\/micashift\/blubberblasen-mica\/micashift_blubberblasenmotivform_007.jpg\" alt=\"Mica Shift Schmuckanh\u00e4nger mit Fimo Effect Metallic herstellen mit selbstgemachten Strukturplatten. Schritt f\u00fcr Schritt Anleitung von fimotic.com\" \/><\/p>\n<p>Sollte das Fimo so sehr weich sein dass man es auch mit Hilfe der Klinge kaum von der Arbeitsplatte kriegt gibt&#8217;s einen kleinen Trick:<br \/>\nEine Glasscheibe mit Malerkrepp auf die Arbeitsfl\u00e4che kleben \ud83d\ude00<br \/>\nDas Schmuckst\u00fcck kann dann gleich so in den Ofen.<\/p>\n<p><img decoding=\"async\" src=\"..\/wp-content\/uploads\/2012\/micashift\/blubberblasen-mica\/micashift_blubberblasenmotivform_009.jpg\" alt=\"Mica Shift Schmuckanh\u00e4nger mit Fimo Effect Metallic herstellen mit selbstgemachten Strukturplatten. Schritt f\u00fcr Schritt Anleitung von fimotic.com\" \/><\/p>\n<p>Alles so machen wie bisher beschrieben&#8230;<\/p>\n<p><img decoding=\"async\" src=\"..\/wp-content\/uploads\/2012\/micashift\/blubberblasen-mica\/micashift_blubberblasenmotivform_0010.jpg\" alt=\"Mica Shift Schmuckanh\u00e4nger mit Fimo Effect Metallic herstellen mit selbstgemachten Strukturplatten. Schritt f\u00fcr Schritt Anleitung von fimotic.com\" \/><\/p>\n<p>&#8230; und dann die Hubbels wegschneiden.<br \/>\nMit dem Acrylstab oder einem \u00e4hnlichen Werkzeug das St\u00fcckchen noch ganz pl\u00e4tten.<\/p>\n<p><img decoding=\"async\" src=\"..\/wp-content\/uploads\/2012\/micashift\/blubberblasen-mica\/micashift_blubberblasenmotivform_008.jpg\" alt=\"Mica Shift Schmuckanh\u00e4nger mit Fimo Effect Metallic herstellen mit selbstgemachten Strukturplatten. Schritt f\u00fcr Schritt Anleitung von fimotic.com\" \/><\/p>\n<p>Erstaunlich, nicht?<\/p>\n<p><img decoding=\"async\" src=\"..\/wp-content\/uploads\/2012\/micashift\/blubberblasen-mica\/micashift_blubberblasenmotivform_0011.jpg\" alt=\"Mica Shift Schmuckanh\u00e4nger mit Fimo Effect Metallic herstellen mit selbstgemachten Strukturplatten. Schritt f\u00fcr Schritt Anleitung von fimotic.com\" \/><\/p>\n<p>Die Effekte sind einfach phantastisch! Das hier ist noch nicht mal gebacken, das wird noch wesentlich intensiver!<\/p>\n<p><img decoding=\"async\" src=\"..\/wp-content\/uploads\/2012\/micashift\/blubberblasen-mica\/micashift_blubberblasenmotivform_0012.jpg\" alt=\"Mica Shift Schmuckanh\u00e4nger mit Fimo Effect Metallic herstellen mit selbstgemachten Strukturplatten. Schritt f\u00fcr Schritt Anleitung von fimotic.com\" \/><\/p>\n<p>Aber schon richtig sch\u00f6n platt und flach \ud83d\ude00<br \/>\nJetzt muss es nur noch mit der flexiblen Klinge in Form geschnitten werden, und schon kann&#8217;s in den Backi.<\/p>\n<p><img decoding=\"async\" src=\"..\/wp-content\/uploads\/2012\/micashift\/blubberblasen-mica\/micashift_blubberblasenmotivform_0013.jpg\" alt=\"Mica Shift Schmuckanh\u00e4nger mit Fimo Effect Metallic herstellen mit selbstgemachten Strukturplatten. Schritt f\u00fcr Schritt Anleitung von fimotic.com\" \/><\/p>\n<p>Und jetzt ein Spezialeffekt!<br \/>\nManchmal fallen so einzelne weggeschnittene Bubbeln von der Klinge.<\/p>\n<p><img decoding=\"async\" src=\"..\/wp-content\/uploads\/2012\/micashift\/blubberblasen-mica\/micashift_blubberblasenmotivform_0015.jpg\" alt=\"Mica Shift Schmuckanh\u00e4nger mit Fimo Effect Metallic herstellen mit selbstgemachten Strukturplatten. Schritt f\u00fcr Schritt Anleitung von fimotic.com\" \/><\/p>\n<p>Wenn man die umdreht und auf das Schmuckst\u00fcck legt gibt dies einen umgekehrten Effekt.<\/p>\n<p><img decoding=\"async\" src=\"..\/wp-content\/uploads\/2012\/micashift\/blubberblasen-mica\/micashift_blubberblasenmotivform_0016.jpg\" alt=\"Mica Shift Schmuckanh\u00e4nger mit Fimo Effect Metallic herstellen mit selbstgemachten Strukturplatten. Schritt f\u00fcr Schritt Anleitung von fimotic.com\" \/><\/p>\n<p>Hier bei den fertig gebackenen und geschliffenen Teilchen recht gut zu erkennen:<\/p>\n<p><img decoding=\"async\" src=\"..\/wp-content\/uploads\/2012\/micashift\/blubberblasen-mica\/fimogeister2.jpg\" alt=\"Mica Shift Schmuckanh\u00e4nger mit Fimo Effect Metallic herstellen mit selbstgemachten Strukturplatten. Schritt f\u00fcr Schritt Anleitung von fimotic.com\" \/><\/p>\n<p>L\u00f6st man die Bubbelschicht in einem St\u00fcck weg (braucht etwas \u00dcbung und Gl\u00fcck) und legt sie <em>verkehrt herum<\/em> auf ein St\u00fcck Fimo und macht es dann platt wie die andern auch hat man den umgekehrten Effekt im &#8222;Ganzen&#8220; \ud83d\ude00<br \/>\nLinks ist das &#8222;normale&#8220; St\u00fcck, am andern Ende des Pfeiles das umgedrehte.<br \/>\nSpannend, nicht?<\/p>\n<p><img decoding=\"async\" src=\"..\/wp-content\/uploads\/2012\/micashift\/blubberblasen-mica\/fimogeister.jpg\" alt=\"Mica Shift Schmuckanh\u00e4nger mit Fimo Effect Metallic herstellen mit selbstgemachten Strukturplatten. Schritt f\u00fcr Schritt Anleitung von fimotic.com\" \/><\/p>\n<p>Nat\u00fcrlich m\u00fcssen es nicht nur Bubbeles sein, andere Strukturen sind auch wundersch\u00f6n &#8211; und nat\u00fcrlich selbst gemacht:<br \/>\n<a title=\"Anleitung Radiergummis schnitzen f\u00fcr Fimo und Papier\" href=\"https:\/\/kreativ.fimotic.com\/?page_id=2003\" target=\"_blank\"><img decoding=\"async\" src=\"..\/wp-content\/uploads\/2011\/07\/icon_link.gif\" alt=\"https:\/\/kreativ.fimotic.com\/wp-content\/uploads\/2011\/07\/icon_link.gif\" \/> zur Anleitung Radiergummis schnitzen<\/a><br \/>\nEs ist tats\u00e4chlich <em>so einfach<\/em> Geisterschmuckis zu machen \ud83d\ude00<br \/>\nEine Packung Fimo Effect Metallic \u00f6ffnen und *zack* ist es um Dich geschehen \ud83d\ude00<\/p>\n<p><img decoding=\"async\" src=\"..\/wp-content\/uploads\/2012\/micashift\/blubberblasen-mica\/fimogeister3.jpg\" alt=\"Mica Shift Schmuckanh\u00e4nger mit Fimo Effect Metallic herstellen mit selbstgemachten Strukturplatten. Schritt f\u00fcr Schritt Anleitung von fimotic.com\" \/><\/p>\n<p>A porops geisterhaft:<br \/>\nDrei Katzen sind auf dem Foto, aber nur eine kannst Du sehen&#8230; buuhuhuhuuuuu *geistgeist*<\/p>\n<p><img decoding=\"async\" src=\"..\/wp-content\/uploads\/2012\/micashift\/blubberblasen-mica\/mehralseinekatze.jpg\" alt=\"Auch geisterhaft! Eine Katze sieht man, drei sind da... buhuuuuuhuuuuuu!\" \/><\/p>\n<p>Ich w\u00fcnsche mir dass Du Dich traust!<br \/>\nDas Metallic Effektfimo ist soooo zauberhaft, sch\u00f6n und einzigartig! Lass Dich verf\u00fchren von der Magie.<br \/>\nViel Spass dabei \ud83d\ude00<br \/>\nLiebe Gr\u00fcsse,<br \/>\nEure Tumana<br \/>\n(ganz und gar in Metallic-Fimo verschossen!)<\/p>\n<p><script type=\"text\/javascript\">\/\/ <![CDATA[\n google_ad_client = \"ca-pub-2458973701178268\"; \/* Text gross Bunt *\/ google_ad_slot = \"1219502279\"; google_ad_width = 336; google_ad_height = 280;\n\/\/ ]]><\/script><br \/>\n<script type=\"text\/javascript\" src=\"http:\/\/pagead2.googlesyndication.com\/pagead\/show_ads.js\">\/\/ <![CDATA[\n\n\n\/\/ ]]><\/script><\/p>\n","protected":false},"excerpt":{"rendered":"<p>Die Anleitung stammt von unserer Fimoanleitungsseite fimoanleitung.schnugis.net wo noch viele andere Anleitungen darauf warten entdeckt zu werden. Das da ist das Ziel. Wundersch\u00f6ne Mica Shift Fimoteilchen die einen absolut faszinierenden 3D-Blubberblasen-Look haben. Um BlubberBlasen machen zu k\u00f6nnen brauchen wir ein &hellip; <a href=\"https:\/\/kreativ.fimotic.com\/?page_id=2010\">Weiterlesen <span class=\"meta-nav\">&rarr;<\/span><\/a><\/p>\n","protected":false},"author":2,"featured_media":0,"parent":458,"menu_order":0,"comment_status":"open","ping_status":"closed","template":"","meta":{"footnotes":""},"class_list":["post-2010","page","type-page","status-publish","hentry"],"_links":{"self":[{"href":"https:\/\/kreativ.fimotic.com\/index.php?rest_route=\/wp\/v2\/pages\/2010","targetHints":{"allow":["GET"]}}],"collection":[{"href":"https:\/\/kreativ.fimotic.com\/index.php?rest_route=\/wp\/v2\/pages"}],"about":[{"href":"https:\/\/kreativ.fimotic.com\/index.php?rest_route=\/wp\/v2\/types\/page"}],"author":[{"embeddable":true,"href":"https:\/\/kreativ.fimotic.com\/index.php?rest_route=\/wp\/v2\/users\/2"}],"replies":[{"embeddable":true,"href":"https:\/\/kreativ.fimotic.com\/index.php?rest_route=%2Fwp%2Fv2%2Fcomments&post=2010"}],"version-history":[{"count":5,"href":"https:\/\/kreativ.fimotic.com\/index.php?rest_route=\/wp\/v2\/pages\/2010\/revisions"}],"predecessor-version":[{"id":2015,"href":"https:\/\/kreativ.fimotic.com\/index.php?rest_route=\/wp\/v2\/pages\/2010\/revisions\/2015"}],"up":[{"embeddable":true,"href":"https:\/\/kreativ.fimotic.com\/index.php?rest_route=\/wp\/v2\/pages\/458"}],"wp:attachment":[{"href":"https:\/\/kreativ.fimotic.com\/index.php?rest_route=%2Fwp%2Fv2%2Fmedia&parent=2010"}],"curies":[{"name":"wp","href":"https:\/\/api.w.org\/{rel}","templated":true}]}}