{"id":1845,"date":"2012-03-22T21:39:26","date_gmt":"2012-03-22T21:39:26","guid":{"rendered":"http:\/\/kreativ.fimotic.com\/?page_id=1845"},"modified":"2012-03-22T21:50:41","modified_gmt":"2012-03-22T21:50:41","slug":"mokume-gane-3","status":"publish","type":"page","link":"https:\/\/kreativ.fimotic.com\/?page_id=1845","title":{"rendered":"Mokume Gane #3"},"content":{"rendered":"<p>Ein Stapelchen von <a title=\"Mokume Gane #1\" href=\"https:\/\/kreativ.fimotic.com\/?page_id=1473\" target=\"_blank\">hier<\/a> ist noch \u00fcbrig \ud83d\ude00<br \/>\nUnd so sah das Stapelchen ganz am Anfang aus:<\/p>\n<p><a title=\"Wenn Du dieses Bildchen gaaaaaaaaaaaaaaanz gross sehen willst einfach anklicken.\" href=\"..\/wp-content\/uploads\/2012\/canes\/mokumegane1\/mokumeganealeitung1_2gross.jpg\" target=\"_blank\"><img decoding=\"async\" src=\"..\/wp-content\/uploads\/2012\/canes\/mokumegane1\/mokumeganealeitung1_2.jpg\" alt=\"einfach eine einfache Mokume Gane Anleitung\" \/><\/a><\/p>\n<p>Dem letzten der Dreien widmen wir uns jetzt!<\/p>\n<p><img decoding=\"async\" src=\"..\/wp-content\/uploads\/2012\/canes\/mokumegane1\/mokumeganealeitung1_3.jpg\" alt=\"einfach eine einfache Mokume Gane Anleitung\" \/><\/p>\n<p>Den Fimostapel&#8230;<\/p>\n<p><img decoding=\"async\" src=\"..\/wp-content\/uploads\/2012\/canes\/mokumegane3\/fimomokumegane3_31.jpg\" alt=\"fimotic.com Anleitung Mokume Gane\" \/><\/p>\n<p>&#8230;erst mal etwas plattmachen.<\/p>\n<p><img decoding=\"async\" src=\"..\/wp-content\/uploads\/2012\/canes\/mokumegane3\/fimomokumegane3_32.jpg\" alt=\"fimotic.com Anleitung Mokume Gane\" \/><\/p>\n<p>Halbieren.<\/p>\n<p><img decoding=\"async\" src=\"..\/wp-content\/uploads\/2012\/canes\/mokumegane3\/fimomokumegane3_33.jpg\" alt=\"fimotic.com Anleitung Mokume Gane\" \/><\/p>\n<p>Stapeln.<\/p>\n<p><img decoding=\"async\" src=\"..\/wp-content\/uploads\/2012\/canes\/mokumegane3\/fimomokumegane3_1.jpg\" alt=\"fimotic.com Anleitung Mokume Gane\" \/><\/p>\n<p>Und gleich nochmal halbieren.<\/p>\n<p><img decoding=\"async\" src=\"..\/wp-content\/uploads\/2012\/canes\/mokumegane3\/fimomokumegane3_2.jpg\" alt=\"fimotic.com Anleitung Mokume Gane\" \/><\/p>\n<p>Stapeln.<br \/>\nUnd ein paar Streifen abschneiden, die brauchen wir nachher \ud83d\ude00<br \/>\nDen Stapel etwas flachmachen.<\/p>\n<p><img decoding=\"async\" src=\"..\/wp-content\/uploads\/2012\/canes\/mokumegane3\/fimomokumegane3_3.jpg\" alt=\"fimotic.com Anleitung Mokume Gane\" \/><\/p>\n<p>Halbieren&#8230;<\/p>\n<p><img decoding=\"async\" src=\"..\/wp-content\/uploads\/2012\/canes\/mokumegane3\/fimomokumegane3_4.jpg\" alt=\"fimotic.com Anleitung Mokume Gane\" \/><\/p>\n<p>&#8230;stapeln.<\/p>\n<p><img decoding=\"async\" src=\"..\/wp-content\/uploads\/2012\/canes\/mokumegane3\/fimomokumegane3_5.jpg\" alt=\"fimotic.com Anleitung Mokume Gane\" \/><\/p>\n<p>Sch\u00f6nes Stapelchen \ud83d\ude00<\/p>\n<p><img decoding=\"async\" src=\"..\/wp-content\/uploads\/2012\/canes\/mokumegane3\/fimomokumegane3_6.jpg\" alt=\"fimotic.com Anleitung Mokume Gane\" \/><\/p>\n<p>Auch hiervon ein Scheibchen oder zwei abschneiden.<br \/>\nDanach ruhig wieder etwas flach machen.<\/p>\n<p><img decoding=\"async\" src=\"..\/wp-content\/uploads\/2012\/canes\/mokumegane3\/fimomokumegane3_7.jpg\" alt=\"fimotic.com Anleitung Mokume Gane\" \/><\/p>\n<p>Halbieren.<\/p>\n<p><img decoding=\"async\" src=\"..\/wp-content\/uploads\/2012\/canes\/mokumegane3\/fimomokumegane3_8.jpg\" alt=\"fimotic.com Anleitung Mokume Gane\" \/><\/p>\n<p>Stapeln.<\/p>\n<p><img decoding=\"async\" src=\"..\/wp-content\/uploads\/2012\/canes\/mokumegane3\/fimomokumegane3_9.jpg\" alt=\"fimotic.com Anleitung Mokume Gane\" \/><\/p>\n<p>Halbieren.<br \/>\nWird langweilig sagst Du?<br \/>\nMoment, gleich passiert was \ud83d\ude09<\/p>\n<p><img decoding=\"async\" src=\"..\/wp-content\/uploads\/2012\/canes\/mokumegane3\/fimomokumegane3_10.jpg\" alt=\"fimotic.com Anleitung Mokume Gane\" \/><\/p>\n<p>Aber erst stapeln wir nochmal \ud83d\ude00<\/p>\n<p><img decoding=\"async\" src=\"..\/wp-content\/uploads\/2012\/canes\/mokumegane3\/fimomokumegane3_11.jpg\" alt=\"fimotic.com Anleitung Mokume Gane\" \/><\/p>\n<p>Jetzt einen kleinen Block formen.<\/p>\n<p><img decoding=\"async\" src=\"..\/wp-content\/uploads\/2012\/canes\/mokumegane3\/fimomokumegane3_12.jpg\" alt=\"fimotic.com Anleitung Mokume Gane\" \/><\/p>\n<p>H\u00fcbsch, gell. Die Schichten sind jetzt wunderbar d\u00fcnn:<\/p>\n<p><img decoding=\"async\" src=\"..\/wp-content\/uploads\/2012\/canes\/mokumegane3\/fimomokumegane3_13.jpg\" alt=\"fimotic.com Anleitung Mokume Gane\" \/><\/p>\n<p>Jetzt kommen die Steifen zum Zug.<br \/>\nAus Gelb mache ich ein Minist\u00f6pselchen&#8230;<\/p>\n<p><img decoding=\"async\" src=\"..\/wp-content\/uploads\/2012\/canes\/mokumegane3\/fimomokumegane3_14.jpg\" alt=\"fimotic.com Anleitung Mokume Gane\" \/><\/p>\n<p>&#8230;und umwickle es mit dem gestreiften Streifen. Da er etwas schal ist wickle ich einfach zwei davon drum:<\/p>\n<p><img decoding=\"async\" src=\"..\/wp-content\/uploads\/2012\/canes\/mokumegane3\/fimomokumegane3_15.jpg\" alt=\"fimotic.com Anleitung Mokume Gane\" \/><\/p>\n<p>Da wir ja zwei verschiedene Streifchen haben sehen auch die St\u00f6psel nicht ganz gleich aus.<br \/>\nGut so!<\/p>\n<p><img decoding=\"async\" src=\"..\/wp-content\/uploads\/2012\/canes\/mokumegane3\/fimomokumegane3_16.jpg\" alt=\"fimotic.com Anleitung Mokume Gane\" \/><\/p>\n<p>Ausstechwerkzeug findest Du im Haushalt.<br \/>\nMeines hier zum Beispiel ist die Verschlusskappe von einem Parfum.<br \/>\nSchau Dich um, Du findest ganz ganz sicher etwas!<\/p>\n<p><img decoding=\"async\" src=\"..\/wp-content\/uploads\/2012\/canes\/mokumegane3\/fimomokumegane3_17.jpg\" alt=\"fimotic.com Anleitung Mokume Gane\" \/><\/p>\n<p>Den ausgestochenen St\u00f6psel ersetze ich jetzt mit einem &#8222;pr\u00e4parierten&#8220; Fimost\u00f6psel mit den Streifchen drum herum:<\/p>\n<p><img decoding=\"async\" src=\"..\/wp-content\/uploads\/2012\/canes\/mokumegane3\/fimomokumegane3_18.jpg\" alt=\"fimotic.com Anleitung Mokume Gane\" \/><\/p>\n<p>Guck, so steche ich aus: mit Haushaltsfolie \u00fcber dem Fimoblock.<br \/>\nSo bleibt meine Parfumkappe n\u00e4mlich sauber \ud83d\ude09<\/p>\n<p><img decoding=\"async\" src=\"..\/wp-content\/uploads\/2012\/canes\/mokumegane3\/fimomokumegane3_19.jpg\" alt=\"fimotic.com Anleitung Mokume Gane\" \/><\/p>\n<p>*zack* ausstechen.<\/p>\n<p><img decoding=\"async\" src=\"..\/wp-content\/uploads\/2012\/canes\/mokumegane3\/fimomokumegane3_20.jpg\" alt=\"fimotic.com Anleitung Mokume Gane\" \/><\/p>\n<p>Und was stopfen wir jetzt in das Loch rein?<\/p>\n<p><img decoding=\"async\" src=\"..\/wp-content\/uploads\/2012\/canes\/mokumegane3\/fimomokumegane3_21.jpg\" alt=\"fimotic.com Anleitung Mokume Gane\" \/><\/p>\n<p>Genau! Ein Streifchenteilchen \ud83d\ude00<br \/>\nUnd damit wir nichts vergeuden pappen wir den Rest&#8230;<\/p>\n<p><img decoding=\"async\" src=\"..\/wp-content\/uploads\/2012\/canes\/mokumegane3\/fimomokumegane3_22.jpg\" alt=\"fimotic.com Anleitung Mokume Gane\" \/><\/p>\n<p>&#8230;einfach auch noch dran:<\/p>\n<p><img decoding=\"async\" src=\"..\/wp-content\/uploads\/2012\/canes\/mokumegane3\/fimomokumegane3_23.jpg\" alt=\"fimotic.com Anleitung Mokume Gane\" \/><\/p>\n<p>Das nun etwas unf\u00f6rmige Ding zu einem Block reduzieren:<\/p>\n<p><img decoding=\"async\" src=\"..\/wp-content\/uploads\/2012\/canes\/mokumegane3\/fimomokumegane3_24.jpg\" alt=\"fimotic.com Anleitung Mokume Gane\" \/><\/p>\n<p>Sch\u00f6n brav auf der Arbeitsplatte festpappen und Scheibchen f\u00fcr Scheibchen, Tranche f\u00fcr Tranche abtragen.<\/p>\n<p><img decoding=\"async\" src=\"..\/wp-content\/uploads\/2012\/canes\/mokumegane3\/fimomokumegane3_25.jpg\" alt=\"fimotic.com Anleitung Mokume Gane\" \/><\/p>\n<p>Alles da zum Perlen und Schmuckis machen \ud83d\ude00<\/p>\n<p><img decoding=\"async\" src=\"..\/wp-content\/uploads\/2012\/canes\/mokumegane3\/fimomokumegane3_26.jpg\" alt=\"fimotic.com Anleitung Mokume Gane\" \/><\/p>\n<p>War an sich einfach, oder?<\/p>\n<p><img decoding=\"async\" src=\"..\/wp-content\/uploads\/2012\/canes\/mokumegane3\/fimomokumegane3_27.jpg\" alt=\"fimotic.com Anleitung Mokume Gane\" \/><\/p>\n<p>Dabei so h\u00fcbsch \ud83d\ude00<\/p>\n<p><img decoding=\"async\" src=\"..\/wp-content\/uploads\/2012\/canes\/mokumegane3\/fimomokumegane3_28.jpg\" alt=\"fimotic.com Anleitung Mokume Gane\" \/><\/p>\n<p>Herrlicher Farbenreigen \ud83d\ude00<\/p>\n<p><img decoding=\"async\" src=\"..\/wp-content\/uploads\/2012\/canes\/mokumegane3\/fimomokumegane3_29.jpg\" alt=\"fimotic.com Anleitung Mokume Gane\" \/><\/p>\n<p>Die \u00dcberg\u00e4nge sind einfach immer wieder toll.<\/p>\n<p><img decoding=\"async\" src=\"..\/wp-content\/uploads\/2012\/canes\/mokumegane3\/fimomokumegane3_30.jpg\" alt=\"fimotic.com Anleitung Mokume Gane\" \/><\/p>\n<p>A propos toll:<br \/>\nMeine Zarentochter hat den Job der K\u00fcchenpapierrollenhalterin gefasst und darf das Ding festhalten w\u00e4hrend dem ich abrolle.<br \/>\nDas war sowas von anstrengend dass&#8230;.<\/p>\n<p><img decoding=\"async\" src=\"..\/wp-content\/uploads\/2012\/canes\/mokumegane3\/haushaltshilfe_1.jpg\" alt=\"Katze mit Job\" \/><\/p>\n<p>&#8230;naja, Du siehst Du siehst sie nicht mehr:<\/p>\n<p><img decoding=\"async\" src=\"..\/wp-content\/uploads\/2012\/canes\/mokumegane3\/hauhaltshilfe_2.jpg\" alt=\"Katze mit Job\" \/><\/p>\n<p>Psssst, ruhig.<br \/>\nZarentochter ruht sich aus.<\/p>\n<p>Mokume Gane mit Fimo ist was wirklich tolles, es macht immer wieder Spass und ist immer wieder ein Ereignis.<br \/>\nViel Spass und Freude w\u00fcnsche ich,<br \/>\nliebe Gr\u00fcsse,<br \/>\nEure Tumana<\/p>\n<p><script type=\"text\/javascript\">\/\/ <![CDATA[\n  google_ad_client = \"ca-pub-2458973701178268\"; \/* Text 336x280 *\/ google_ad_slot = \"6317269357\"; google_ad_width = 336; google_ad_height = 280;\n\/\/ ]]><\/script><br \/>\n<script type=\"text\/javascript\" src=\"http:\/\/pagead2.googlesyndication.com\/pagead\/show_ads.js\">\/\/ <![CDATA[\n\n\/\/ ]]><\/script><\/p>\n","protected":false},"excerpt":{"rendered":"<p>Ein Stapelchen von hier ist noch \u00fcbrig \ud83d\ude00 Und so sah das Stapelchen ganz am Anfang aus: Dem letzten der Dreien widmen wir uns jetzt! Den Fimostapel&#8230; &#8230;erst mal etwas plattmachen. Halbieren. Stapeln. Und gleich nochmal halbieren. Stapeln. Und ein &hellip; <a href=\"https:\/\/kreativ.fimotic.com\/?page_id=1845\">Weiterlesen <span class=\"meta-nav\">&rarr;<\/span><\/a><\/p>\n","protected":false},"author":2,"featured_media":0,"parent":1482,"menu_order":0,"comment_status":"open","ping_status":"closed","template":"","meta":{"footnotes":""},"class_list":["post-1845","page","type-page","status-publish","hentry"],"_links":{"self":[{"href":"https:\/\/kreativ.fimotic.com\/index.php?rest_route=\/wp\/v2\/pages\/1845","targetHints":{"allow":["GET"]}}],"collection":[{"href":"https:\/\/kreativ.fimotic.com\/index.php?rest_route=\/wp\/v2\/pages"}],"about":[{"href":"https:\/\/kreativ.fimotic.com\/index.php?rest_route=\/wp\/v2\/types\/page"}],"author":[{"embeddable":true,"href":"https:\/\/kreativ.fimotic.com\/index.php?rest_route=\/wp\/v2\/users\/2"}],"replies":[{"embeddable":true,"href":"https:\/\/kreativ.fimotic.com\/index.php?rest_route=%2Fwp%2Fv2%2Fcomments&post=1845"}],"version-history":[{"count":5,"href":"https:\/\/kreativ.fimotic.com\/index.php?rest_route=\/wp\/v2\/pages\/1845\/revisions"}],"predecessor-version":[{"id":1855,"href":"https:\/\/kreativ.fimotic.com\/index.php?rest_route=\/wp\/v2\/pages\/1845\/revisions\/1855"}],"up":[{"embeddable":true,"href":"https:\/\/kreativ.fimotic.com\/index.php?rest_route=\/wp\/v2\/pages\/1482"}],"wp:attachment":[{"href":"https:\/\/kreativ.fimotic.com\/index.php?rest_route=%2Fwp%2Fv2%2Fmedia&parent=1845"}],"curies":[{"name":"wp","href":"https:\/\/api.w.org\/{rel}","templated":true}]}}