{"id":1473,"date":"2012-03-07T22:11:23","date_gmt":"2012-03-07T22:11:23","guid":{"rendered":"http:\/\/kreativ.fimotic.com\/?page_id=1473"},"modified":"2012-03-08T13:45:53","modified_gmt":"2012-03-08T13:45:53","slug":"mokume-gane-1","status":"publish","type":"page","link":"https:\/\/kreativ.fimotic.com\/?page_id=1473","title":{"rendered":"Mokume Gane #1"},"content":{"rendered":"<p>Einfach eine Mokume Gane.<br \/>\nKeine Tricks, keine speziellen Aha-Effekte &#8211; einfach und simpel eine Mokume Gane \ud83d\ude00<br \/>\nDer einzige Trick den ich anwende ist dass ich das schwarze Fimo so bearbeite dass es nicht abf\u00e4rbt; ich will beim rollen der Mokume Gane Perle in den H\u00e4nden nicht ein schwarzes Geschmier veranstalten. Ab und zu erwischt man halt einen Block der etwas &#8222;overdyed&#8220; ist wie man das bei Wolle so sch\u00f6n sagen w\u00fcrde \ud83d\ude00<br \/>\nWie man das Fimo bearbeiten kann steht hier:<br \/>\n<a title=\"\u201cEntf\u00e4rben\u201d wie man Fimo dazu bringen kann nicht mehr so abzuf\u00e4rben\" href=\"https:\/\/kreativ.fimotic.com\/?page_id=1486\" target=\"_blank\"><img decoding=\"async\" src=\"..\/wp-content\/uploads\/2011\/07\/icon_link.gif\" alt=\"https:\/\/kreativ.fimotic.com\/wp-content\/uploads\/2011\/07\/icon_link.gif\" \/> zur Anleitung Fimo &#8222;ent-abf\u00e4rben&#8220;<\/a><\/p>\n<p>Meine Farben: das vorbereitete Schwarz mit herrlich knalligen F\u00e4rbelchen:<\/p>\n<p><img decoding=\"async\" src=\"..\/wp-content\/uploads\/2012\/canes\/mokumegane1\/mokumeganealeitung1_1.jpg\" alt=\"einfach eine einfache Mokume Gane Anleitung\" \/><\/p>\n<p>Ich nehme die dickste Stufe der Pastamaschine, mache uuuuungef\u00e4hr gleich grosse Platten, falte sie einmal zusammen und staple sie aufeinander:<\/p>\n<p><a title=\"Wenn Du dieses Bildchen gaaaaaaaaaaaaaaanz gross sehen willst einfach anklicken.\" href=\"https:\/\/kreativ.fimotic.com\/wp-content\/uploads\/2012\/canes\/mokumegane1\/mokumeganealeitung1_2gross.jpg\" target=\"_blank\"><img decoding=\"async\" src=\"..\/wp-content\/uploads\/2012\/canes\/mokumegane1\/mokumeganealeitung1_2.jpg\" alt=\"einfach eine einfache Mokume Gane Anleitung\" \/><\/a><\/p>\n<p>Aus diesem einen Stapel wird&#8217;s mehr als eine Mokume Gane geben \ud83d\ude09<br \/>\nIch teile den Fimostapel in drei Teile:<\/p>\n<p><img decoding=\"async\" src=\"..\/wp-content\/uploads\/2012\/canes\/mokumegane1\/mokumeganealeitung1_3.jpg\" alt=\"einfach eine einfache Mokume Gane Anleitung\" \/><\/p>\n<p>Zwei Stapel lege ich weg, mit dem dritten wird gearbeitet: ich mache ihn ein bissel platt.<\/p>\n<p><img decoding=\"async\" src=\"..\/wp-content\/uploads\/2012\/canes\/mokumegane1\/mokumeganealeitung1_4.jpg\" alt=\"einfach eine einfache Mokume Gane Anleitung\" \/><\/p>\n<p>Halbieren, aufeinanderstapeln&#8230;<\/p>\n<p><img decoding=\"async\" src=\"..\/wp-content\/uploads\/2012\/canes\/mokumegane1\/mokumeganealeitung1_5.jpg\" alt=\"einfach eine einfache Mokume Gane Anleitung\" \/><\/p>\n<p>&#8230;wieder etwas flach machen mit einem Acrylstab oder einem andern Werkzeug, wieder halbieren und stapeln.<\/p>\n<p><img decoding=\"async\" src=\"..\/wp-content\/uploads\/2012\/canes\/mokumegane1\/mokumeganealeitung1_6.jpg\" alt=\"einfach eine einfache Mokume Gane Anleitung\" \/><\/p>\n<p>Ein letztes mal!<br \/>\nHalbieren, stapeln und&#8230;<\/p>\n<p><img decoding=\"async\" src=\"..\/wp-content\/uploads\/2012\/canes\/mokumegane1\/mokumeganealeitung1_7.jpg\" alt=\"einfach eine einfache Mokume Gane Anleitung\" \/><\/p>\n<p>&#8230;zu einem ungef\u00e4hren W\u00fcrfel formen.<\/p>\n<p><img decoding=\"async\" src=\"..\/wp-content\/uploads\/2012\/canes\/mokumegane1\/mokumeganealeitung1_8.jpg\" alt=\"einfach eine einfache Mokume Gane Anleitung\" \/><\/p>\n<p>Da bohren wir jetzt L\u00f6cher rein!<\/p>\n<p><img decoding=\"async\" src=\"..\/wp-content\/uploads\/2012\/canes\/mokumegane1\/mokumeganealeitung1_9.jpg\" alt=\"einfach eine einfache Mokume Gane Anleitung\" \/><\/p>\n<p>Und womit f\u00fcllen wir die auf?<br \/>\nHm, warum nicht mit einem Streifen Streifencane von ebendiesem W\u00fcrfel?<br \/>\nEin Scheibchen vom W\u00fcrfel abschneiden&#8230;<\/p>\n<p><img decoding=\"async\" src=\"..\/wp-content\/uploads\/2012\/canes\/mokumegane1\/mokumeganealeitung1_10.jpg\" alt=\"einfach eine einfache Mokume Gane Anleitung\" \/><\/p>\n<p>&#8230;etwas in die L\u00e4nge ziehen so dass man ihn aufrollen kann:<\/p>\n<p><img decoding=\"async\" src=\"..\/wp-content\/uploads\/2012\/canes\/mokumegane1\/mokumeganealeitung1_11.jpg\" alt=\"einfach eine einfache Mokume Gane Anleitung\" \/><\/p>\n<p>Etwas reduzieren so dass eine Wurst entsteht die d\u00fcnn genug ist damit wir sie in die L\u00f6cher stopfen k\u00f6nnen \ud83d\ude00<\/p>\n<p><img decoding=\"async\" src=\"..\/wp-content\/uploads\/2012\/canes\/mokumegane1\/mokumeganealeitung1_12.jpg\" alt=\"einfach eine einfache Mokume Gane Anleitung\" \/><\/p>\n<p>So!<br \/>\nAction!<br \/>\nReinstopfen!<\/p>\n<p><img decoding=\"async\" src=\"..\/wp-content\/uploads\/2012\/canes\/mokumegane1\/mokumeganealeitung1_13.jpg\" alt=\"einfach eine einfache Mokume Gane Anleitung\" \/><\/p>\n<p>Einfach abschneiden oder abdrehen.<\/p>\n<p><img decoding=\"async\" src=\"..\/wp-content\/uploads\/2012\/canes\/mokumegane1\/mokumeganealeitung1_16.jpg\" alt=\"einfach eine einfache Mokume Gane Anleitung\" \/><\/p>\n<p>W\u00fcrfel umdrehen und wenn n\u00f6tig die L\u00f6cher etwas nachbohren, nat\u00fcrlich von dieser Seite &#8211; die andere Seite ist ja schon aufgef\u00fcllt.<br \/>\nIch schaffe es selten das Fimo bis ganz nach Unten zu stopfen, also mache ich auf dieser Seite einfach nochmal das selbe:<\/p>\n<p><img decoding=\"async\" src=\"..\/wp-content\/uploads\/2012\/canes\/mokumegane1\/mokumeganealeitung1_14.jpg\" alt=\"einfach eine einfache Mokume Gane Anleitung\" \/><\/p>\n<p>Voil\u00e0, alles besetzt:<\/p>\n<p><img decoding=\"async\" src=\"..\/wp-content\/uploads\/2012\/canes\/mokumegane1\/mokumeganealeitung1_15.jpg\" alt=\"einfach eine einfache Mokume Gane Anleitung\" \/><\/p>\n<p>Umdrehen! Jetzt kommen die dekorativen L\u00f6cher und Einbuchtungen.<br \/>\nIch lege ein St\u00fcck Haushaltsfolie \u00fcber den Block und delle mit einem Modellierwerzeug grossz\u00fcgig ein:<\/p>\n<p><img decoding=\"async\" src=\"..\/wp-content\/uploads\/2012\/canes\/mokumegane1\/mokumeganealeitung1_17.jpg\" alt=\"einfach eine einfache Mokume Gane Anleitung\" \/><\/p>\n<p>Tadaaaaa: Dellen und L\u00f6cher.<br \/>\nDie m\u00fcssen jetzt wieder weg \ud83d\ude09<br \/>\nAlso quetsche ich den W\u00fcrfel gleichm\u00e4ssig und immer wieder von allen Seiten zusammen.<\/p>\n<p><img decoding=\"async\" src=\"..\/wp-content\/uploads\/2012\/canes\/mokumegane1\/mokumeganealeitung1_18.jpg\" alt=\"einfach eine einfache Mokume Gane Anleitung\" \/><\/p>\n<p>Fast ganz weg die Dellen. Ich hab den W\u00fcrfel so lange von allen Seiten zusammengedr\u00fcckt &#8211; vorsichtig nat\u00fcrlich &#8211; bis die Einbuchtungen so gut wie verschwunden sind.<br \/>\nNein falsch, sie sind noch da, wir k\u00f6nnen sie nur nicht sehen \ud83d\ude09 Mit dem eindellen und L\u00f6cher machen erreicht man eine wunderbare verschiebung der einzelnen Schichten.<br \/>\nSieht man aber erst beim Scheibchen abschneiden \ud83d\ude00<\/p>\n<p><img decoding=\"async\" src=\"..\/wp-content\/uploads\/2012\/canes\/mokumegane1\/mokumeganealeitung1_19.jpg\" alt=\"einfach eine einfache Mokume Gane Anleitung\" \/><\/p>\n<p>Leicht plattdr\u00fccken&#8230;<\/p>\n<p><img decoding=\"async\" src=\"..\/wp-content\/uploads\/2012\/canes\/mokumegane1\/mokumeganealeitung1_20.jpg\" alt=\"einfach eine einfache Mokume Gane Anleitung\" \/><\/p>\n<p>&#8230;und weil ich gerne m\u00f6chte dass der Block auf der Arbeitsfl\u00e4che festpappt damit ich einfacher Schichten wegschneiden kann lege ich etwas Haushaltsfolie dr\u00fcber und nehme ein Plattmachding, hier ein St\u00fcck Glas, zu Hilfe:<\/p>\n<p><img decoding=\"async\" src=\"..\/wp-content\/uploads\/2012\/canes\/mokumegane1\/mokumeganealeitung1_21.jpg\" alt=\"einfach eine einfache Mokume Gane Anleitung\" \/><\/p>\n<p>Dank der Haushaltsfolie klebt es da wo es soll: nicht an der Plattmachscheibe sondern&#8230;<\/p>\n<p><img decoding=\"async\" src=\"..\/wp-content\/uploads\/2012\/canes\/mokumegane1\/mokumeganealeitung1_22.jpg\" alt=\"einfach eine einfache Mokume Gane Anleitung\" \/><\/p>\n<p>&#8230;auf der Arbeitsfl\u00e4che.<\/p>\n<p><img decoding=\"async\" src=\"..\/wp-content\/uploads\/2012\/canes\/mokumegane1\/mokumeganealeitung1_23.jpg\" alt=\"einfach eine einfache Mokume Gane Anleitung\" \/><\/p>\n<p>Und jetzt? Ganz einfach: m\u00f6glichst d\u00fcnne Scheibchen abtragen.<br \/>\nWarum d\u00fcnne Scheibchen? Ganz einfach: Gr\u00f6ssere Ausbeute \ud83d\ude09<br \/>\nIch mache das mit der flexiblen Klinge, Du findest sicher schnell raus was Dir am besten liegt.<\/p>\n<p><img decoding=\"async\" src=\"..\/wp-content\/uploads\/2012\/canes\/mokumegane1\/mokumeganealeitung1_24.jpg\" alt=\"einfach eine einfache Mokume Gane Anleitung\" \/><\/p>\n<p>Voil\u00e0, eine simple und knallige Mokume Gane:<\/p>\n<p><img decoding=\"async\" src=\"..\/wp-content\/uploads\/2012\/canes\/mokumegane1\/mokumeganealeitung1_25.jpg\" alt=\"einfach eine einfache Mokume Gane Anleitung\" \/><\/p>\n<p>Nicht vergessen die Scheiben \/ abgetragenen Schichten von beiden Seiten zu betrachten, sie sehen von Vorne und von Hinten nicht gleich aus \ud83d\ude09<\/p>\n<p><img decoding=\"async\" src=\"..\/wp-content\/uploads\/2012\/canes\/mokumegane1\/mokumeganealeitung1_26.jpg\" alt=\"einfach eine einfache Mokume Gane Anleitung\" \/><\/p>\n<p>Ich rolle eine Grundperle und belege sie mit der Mokume Gane:<\/p>\n<p><img decoding=\"async\" src=\"..\/wp-content\/uploads\/2012\/canes\/mokumegane1\/mokumeganealeitung1_27.jpg\" alt=\"einfach eine einfache Mokume Gane Anleitung\" \/><\/p>\n<p>Ja man sollte eventuelle Salzkristalle wegputzen von der Arbeitsfl\u00e4che *kicher*<\/p>\n<p><img decoding=\"async\" src=\"..\/wp-content\/uploads\/2012\/canes\/mokumegane1\/mokumeganealeitung1_28.jpg\" alt=\"einfach eine einfache Mokume Gane Anleitung\" \/><\/p>\n<p>So schnell geht&#8217;s mit der Mokume Gane Perle.<\/p>\n<p><img decoding=\"async\" src=\"..\/wp-content\/uploads\/2012\/canes\/mokumegane1\/mokumeganealeitung1_29.jpg\" alt=\"einfach eine einfache Mokume Gane Anleitung\" \/><\/p>\n<p>Jede einzelne ein Unikat.<\/p>\n<p><img decoding=\"async\" src=\"..\/wp-content\/uploads\/2012\/canes\/mokumegane1\/mokumeganealeitung1_30.jpg\" alt=\"einfach eine einfache Mokume Gane Anleitung\" \/><\/p>\n<p>Man sollte auch nicht magentafarbene Fimoklumpen auf den Boden schmeissen um zuschauen zu k\u00f6nnen wie sie friedlich zum n\u00e4chsten Blumentopf rollen *seufz*<br \/>\nAber hey, es waren nur f\u00fcnf Haare dran! Daf\u00fcr dass ich eine echt miese Hausfrau bin ist das ok \ud83d\ude00<br \/>\nIch mein&#8230; wer m\u00f6chte da schon den Staubsauger anwerfen? Das w\u00e4r ja sooooo gemein!<\/p>\n<p><img decoding=\"async\" src=\"..\/wp-content\/uploads\/2012\/canes\/mokumegane1\/russischblauesbaby.jpg\" alt=\"zuckers\u00fcsse Russisch Blau Katze\" \/><\/p>\n<p>Diesen Mokume Gane Block habe ich dann noch etwas weiterverarbeitet, wie das ausschaut?<br \/>\nGuck:<br \/>\n<a title=\"Fimotic.com Fimo-Anleitung: Mokume Gane Cane aus Mokume Gane\" href=\"https:\/\/kreativ.fimotic.com\/?page_id=1496\" target=\"_blank\"><img decoding=\"async\" src=\"..\/wp-content\/uploads\/2011\/07\/icon_link.gif\" alt=\"https:\/\/kreativ.fimotic.com\/wp-content\/uploads\/2011\/07\/icon_link.gif\" \/> zur Anleitung Mokume Gane <em>Cane<\/em><\/a><span style=\"color: #ff0000;\"><em><br \/>\n<\/em><\/span><\/p>\n<p>Viel Spass beim stapeln \ud83d\ude00<br \/>\nViele Wege f\u00fchren nach Rom. Das Mokume Gane Muster entsteht auf vielerlei Arten, ganz wichtig ist dass wir Spas dran haben \ud83d\ude00<br \/>\nLiebe Gr\u00fcsse,<br \/>\nEure Tumana<\/p>\n<p><script type=\"text\/javascript\">\/\/ <![CDATA[\n    google_ad_client = \"ca-pub-2458973701178268\"; \/* Artikel-bild *\/ google_ad_slot = \"3519087478\"; google_ad_width = 468; google_ad_height = 60;\n\/\/ ]]><\/script><br \/>\n<script type=\"text\/javascript\" src=\"http:\/\/pagead2.googlesyndication.com\/pagead\/show_ads.js\">\/\/ <![CDATA[\n\n\n\/\/ ]]><\/script><\/p>\n<p>&nbsp;<\/p>\n","protected":false},"excerpt":{"rendered":"<p>Einfach eine Mokume Gane. Keine Tricks, keine speziellen Aha-Effekte &#8211; einfach und simpel eine Mokume Gane \ud83d\ude00 Der einzige Trick den ich anwende ist dass ich das schwarze Fimo so bearbeite dass es nicht abf\u00e4rbt; ich will beim rollen der &hellip; <a href=\"https:\/\/kreativ.fimotic.com\/?page_id=1473\">Weiterlesen <span class=\"meta-nav\">&rarr;<\/span><\/a><\/p>\n","protected":false},"author":2,"featured_media":0,"parent":1482,"menu_order":0,"comment_status":"open","ping_status":"closed","template":"","meta":{"footnotes":""},"class_list":["post-1473","page","type-page","status-publish","hentry"],"_links":{"self":[{"href":"https:\/\/kreativ.fimotic.com\/index.php?rest_route=\/wp\/v2\/pages\/1473","targetHints":{"allow":["GET"]}}],"collection":[{"href":"https:\/\/kreativ.fimotic.com\/index.php?rest_route=\/wp\/v2\/pages"}],"about":[{"href":"https:\/\/kreativ.fimotic.com\/index.php?rest_route=\/wp\/v2\/types\/page"}],"author":[{"embeddable":true,"href":"https:\/\/kreativ.fimotic.com\/index.php?rest_route=\/wp\/v2\/users\/2"}],"replies":[{"embeddable":true,"href":"https:\/\/kreativ.fimotic.com\/index.php?rest_route=%2Fwp%2Fv2%2Fcomments&post=1473"}],"version-history":[{"count":14,"href":"https:\/\/kreativ.fimotic.com\/index.php?rest_route=\/wp\/v2\/pages\/1473\/revisions"}],"predecessor-version":[{"id":1510,"href":"https:\/\/kreativ.fimotic.com\/index.php?rest_route=\/wp\/v2\/pages\/1473\/revisions\/1510"}],"up":[{"embeddable":true,"href":"https:\/\/kreativ.fimotic.com\/index.php?rest_route=\/wp\/v2\/pages\/1482"}],"wp:attachment":[{"href":"https:\/\/kreativ.fimotic.com\/index.php?rest_route=%2Fwp%2Fv2%2Fmedia&parent=1473"}],"curies":[{"name":"wp","href":"https:\/\/api.w.org\/{rel}","templated":true}]}}